{"id":1300,"date":"2023-03-06T09:40:08","date_gmt":"2023-03-06T09:40:08","guid":{"rendered":"https:\/\/jumpextreme.pl\/?page_id=1300"},"modified":"2023-03-06T11:29:01","modified_gmt":"2023-03-06T11:29:01","slug":"tor-przeszkod-ninja","status":"publish","type":"page","link":"https:\/\/jumpextreme.pl\/index.php\/atrakcje\/tor-przeszkod-ninja\/","title":{"rendered":"Tor przeszk\u00f3d NINJA"},"content":{"rendered":"\t\t<div data-elementor-type=\"wp-page\" data-elementor-id=\"1300\" class=\"elementor elementor-1300\">\n\t\t\t\t\t\t\t\t\t<section data-particle_enable=\"false\" data-particle-mobile-disabled=\"false\" class=\"elementor-section elementor-top-section elementor-element elementor-element-2dabc1d elementor-section-boxed elementor-section-height-default elementor-section-height-default\" data-id=\"2dabc1d\" data-element_type=\"section\" data-settings=\"{&quot;background_background&quot;:&quot;classic&quot;}\">\n\t\t\t\t\t\t\t<div class=\"elementor-background-overlay\"><\/div>\n\t\t\t\t\t\t\t<div class=\"elementor-container elementor-column-gap-default\">\n\t\t\t\t\t<div class=\"elementor-column elementor-col-100 elementor-top-column elementor-element elementor-element-eb25249\" data-id=\"eb25249\" data-element_type=\"column\">\n\t\t\t<div class=\"elementor-widget-wrap elementor-element-populated\">\n\t\t\t\t\t\t\t\t<div class=\"elementor-element elementor-element-faccb87 elementor-widget elementor-widget-heading\" data-id=\"faccb87\" data-element_type=\"widget\" data-widget_type=\"heading.default\">\n\t\t\t\t<div class=\"elementor-widget-container\">\n\t\t\t<style>\/*! elementor - v3.11.3 - 07-03-2023 *\/\n.elementor-heading-title{padding:0;margin:0;line-height:1}.elementor-widget-heading .elementor-heading-title[class*=elementor-size-]>a{color:inherit;font-size:inherit;line-height:inherit}.elementor-widget-heading .elementor-heading-title.elementor-size-small{font-size:15px}.elementor-widget-heading .elementor-heading-title.elementor-size-medium{font-size:19px}.elementor-widget-heading .elementor-heading-title.elementor-size-large{font-size:29px}.elementor-widget-heading .elementor-heading-title.elementor-size-xl{font-size:39px}.elementor-widget-heading .elementor-heading-title.elementor-size-xxl{font-size:59px}<\/style><h2 class=\"elementor-heading-title elementor-size-default\">ATRAKCJE<\/h2>\t\t<\/div>\n\t\t\t\t<\/div>\n\t\t\t\t<div class=\"elementor-element elementor-element-130ab80 elementor-widget elementor-widget-heading\" data-id=\"130ab80\" data-element_type=\"widget\" data-widget_type=\"heading.default\">\n\t\t\t\t<div class=\"elementor-widget-container\">\n\t\t\t<h2 class=\"elementor-heading-title elementor-size-default\">TOR PRZESZK\u00d3D NINJA<\/h2>\t\t<\/div>\n\t\t\t\t<\/div>\n\t\t\t\t<section data-particle_enable=\"false\" data-particle-mobile-disabled=\"false\" class=\"elementor-section elementor-inner-section elementor-element elementor-element-44bd575 elementor-section-boxed elementor-section-height-default elementor-section-height-default\" data-id=\"44bd575\" data-element_type=\"section\">\n\t\t\t\t\t\t<div class=\"elementor-container elementor-column-gap-wider\">\n\t\t\t\t\t<div class=\"elementor-column elementor-col-50 elementor-inner-column elementor-element elementor-element-20bf04e\" data-id=\"20bf04e\" data-element_type=\"column\" data-settings=\"{&quot;background_background&quot;:&quot;classic&quot;}\">\n\t\t\t<div class=\"elementor-widget-wrap\">\n\t\t\t\t\t\t\t\t\t<\/div>\n\t\t<\/div>\n\t\t\t\t<div class=\"elementor-column elementor-col-50 elementor-inner-column elementor-element elementor-element-96d40de\" data-id=\"96d40de\" data-element_type=\"column\">\n\t\t\t<div class=\"elementor-widget-wrap elementor-element-populated\">\n\t\t\t\t\t\t\t\t<div class=\"elementor-element elementor-element-0017b96 elementor-widget elementor-widget-text-editor\" data-id=\"0017b96\" data-element_type=\"widget\" data-widget_type=\"text-editor.default\">\n\t\t\t\t<div class=\"elementor-widget-container\">\n\t\t\t<style>\/*! elementor - v3.11.3 - 07-03-2023 *\/\n.elementor-widget-text-editor.elementor-drop-cap-view-stacked .elementor-drop-cap{background-color:#818a91;color:#fff}.elementor-widget-text-editor.elementor-drop-cap-view-framed .elementor-drop-cap{color:#818a91;border:3px solid;background-color:transparent}.elementor-widget-text-editor:not(.elementor-drop-cap-view-default) .elementor-drop-cap{margin-top:8px}.elementor-widget-text-editor:not(.elementor-drop-cap-view-default) .elementor-drop-cap-letter{width:1em;height:1em}.elementor-widget-text-editor .elementor-drop-cap{float:left;text-align:center;line-height:1;font-size:50px}.elementor-widget-text-editor .elementor-drop-cap-letter{display:inline-block}<\/style>\t\t\t\t<p>Tor przeszk\u00f3d ninja to specjalnie zaprojektowany i skonstruowany tor, kt\u00f3ry umo\u017cliwia uczestnikom rywalizacj\u0119 i pokonywanie r\u00f3\u017cnego rodzaju przeszk\u00f3d. To tutaj liczy si\u0119 szybko\u015b\u0107, precyzja, zaanga\u017cowanie.<\/p><p>Czy to du\u017cy, czy to ma\u0142y \u2013 prawdziwym Ninj\u0105 mo\u017cesz zosta\u0107 tak\u017ce Ty.<\/p><p>Dwa r\u00f3wnoleg\u0142e, identyczne tory przeszk\u00f3d, pozwol\u0105 wy\u0142oni\u0107 tylko jednego prawdziwego Ninja. Do startu, gotowi, START!<\/p>\t\t\t\t\t\t<\/div>\n\t\t\t\t<\/div>\n\t\t\t\t\t<\/div>\n\t\t<\/div>\n\t\t\t\t\t\t\t<\/div>\n\t\t<\/section>\n\t\t\t\t<section data-particle_enable=\"false\" data-particle-mobile-disabled=\"false\" class=\"elementor-section elementor-inner-section elementor-element elementor-element-7f2841a elementor-section-boxed elementor-section-height-default elementor-section-height-default\" data-id=\"7f2841a\" data-element_type=\"section\">\n\t\t\t\t\t\t<div class=\"elementor-container elementor-column-gap-wider\">\n\t\t\t\t\t<div class=\"elementor-column elementor-col-100 elementor-inner-column elementor-element elementor-element-24c8bf2\" data-id=\"24c8bf2\" data-element_type=\"column\">\n\t\t\t<div class=\"elementor-widget-wrap elementor-element-populated\">\n\t\t\t\t\t\t\t\t<div class=\"elementor-element elementor-element-c88c252 elementor-widget elementor-widget-video\" data-id=\"c88c252\" data-element_type=\"widget\" data-settings=\"{&quot;video_type&quot;:&quot;hosted&quot;,&quot;mute&quot;:&quot;yes&quot;,&quot;loop&quot;:&quot;yes&quot;,&quot;controls&quot;:&quot;yes&quot;}\" data-widget_type=\"video.default\">\n\t\t\t\t<div class=\"elementor-widget-container\">\n\t\t\t<style>\/*! elementor - v3.11.3 - 07-03-2023 *\/\n.elementor-widget-video .elementor-widget-container{overflow:hidden;transform:translateZ(0)}.elementor-widget-video .elementor-wrapper iframe,.elementor-widget-video .elementor-wrapper video{height:100%;width:100%;border:none;background-color:#000}.elementor-widget-video .elementor-open-inline .elementor-custom-embed-image-overlay{position:absolute;top:0;left:0;width:100%;height:100%;background-size:cover;background-position:50%}.elementor-widget-video .elementor-custom-embed-image-overlay{cursor:pointer;text-align:center}.elementor-widget-video .elementor-custom-embed-image-overlay:hover .elementor-custom-embed-play i{opacity:1}.elementor-widget-video .elementor-custom-embed-image-overlay img{display:block;width:100%}.elementor-widget-video .e-hosted-video .elementor-video{-o-object-fit:cover;object-fit:cover}.e-con-inner>.elementor-widget-video,.e-con>.elementor-widget-video{width:var(--container-widget-width);--flex-grow:var(--container-widget-flex-grow)}<\/style>\t\t<div class=\"e-hosted-video elementor-wrapper elementor-open-inline\">\n\t\t\t\t\t<video class=\"elementor-video\" src=\"https:\/\/jumpextreme.pl\/wp-content\/uploads\/2023\/03\/VID-20200920-WA0042.mp4\" loop=\"\" controls=\"\" preload=\"metadata\" muted=\"muted\" controlsList=\"nodownload\"><\/video>\n\t\t\t\t<\/div>\n\t\t\t\t<\/div>\n\t\t\t\t<\/div>\n\t\t\t\t\t<\/div>\n\t\t<\/div>\n\t\t\t\t\t\t\t<\/div>\n\t\t<\/section>\n\t\t\t\t\t<\/div>\n\t\t<\/div>\n\t\t\t\t\t\t\t<\/div>\n\t\t<\/section>\n\t\t\t\t\t\t\t<\/div>\n\t\t","protected":false},"excerpt":{"rendered":"<p>ATRAKCJE TOR PRZESZK\u00d3D NINJA Tor przeszk\u00f3d ninja to specjalnie zaprojektowany i skonstruowany tor, kt\u00f3ry umo\u017cliwia uczestnikom rywalizacj\u0119 i pokonywanie r\u00f3\u017cnego rodzaju przeszk\u00f3d. To tutaj liczy si\u0119 szybko\u015b\u0107, precyzja, zaanga\u017cowanie. Czy to du\u017cy, czy to ma\u0142y \u2013 prawdziwym Ninj\u0105 mo\u017cesz zosta\u0107 tak\u017ce Ty. Dwa r\u00f3wnoleg\u0142e, identyczne tory przeszk\u00f3d, pozwol\u0105 wy\u0142oni\u0107 tylko jednego prawdziwego Ninja. Do startu, [&hellip;]<\/p>\n","protected":false},"author":1,"featured_media":0,"parent":17,"menu_order":0,"comment_status":"closed","ping_status":"closed","template":"elementor_header_footer","meta":{"_eb_attr":"","inline_featured_image":false},"yoast_head":"<!-- This site is optimized with the Yoast SEO plugin v20.2.1 - https:\/\/yoast.com\/wordpress\/plugins\/seo\/ -->\n<title>Tor przeszk\u00f3d NINJA - JUMP EXTREME<\/title>\n<meta name=\"robots\" content=\"index, follow, max-snippet:-1, max-image-preview:large, max-video-preview:-1\" \/>\n<link rel=\"canonical\" href=\"https:\/\/jumpextreme.pl\/index.php\/atrakcje\/tor-przeszkod-ninja\/\" \/>\n<meta property=\"og:locale\" content=\"pl_PL\" \/>\n<meta property=\"og:type\" content=\"article\" \/>\n<meta property=\"og:title\" content=\"Tor przeszk\u00f3d NINJA - JUMP EXTREME\" \/>\n<meta property=\"og:description\" content=\"ATRAKCJE TOR PRZESZK\u00d3D NINJA Tor przeszk\u00f3d ninja to specjalnie zaprojektowany i skonstruowany tor, kt\u00f3ry umo\u017cliwia uczestnikom rywalizacj\u0119 i pokonywanie r\u00f3\u017cnego rodzaju przeszk\u00f3d. To tutaj liczy si\u0119 szybko\u015b\u0107, precyzja, zaanga\u017cowanie. Czy to du\u017cy, czy to ma\u0142y \u2013 prawdziwym Ninj\u0105 mo\u017cesz zosta\u0107 tak\u017ce Ty. Dwa r\u00f3wnoleg\u0142e, identyczne tory przeszk\u00f3d, pozwol\u0105 wy\u0142oni\u0107 tylko jednego prawdziwego Ninja. Do startu, [&hellip;]\" \/>\n<meta property=\"og:url\" content=\"https:\/\/jumpextreme.pl\/index.php\/atrakcje\/tor-przeszkod-ninja\/\" \/>\n<meta property=\"og:site_name\" content=\"JUMP EXTREME\" \/>\n<meta property=\"article:publisher\" content=\"https:\/\/www.facebook.com\/jumpextremepila\/\" \/>\n<meta property=\"article:modified_time\" content=\"2023-03-06T11:29:01+00:00\" \/>\n<meta name=\"twitter:card\" content=\"summary_large_image\" \/>\n<script type=\"application\/ld+json\" class=\"yoast-schema-graph\">{\"@context\":\"https:\/\/schema.org\",\"@graph\":[{\"@type\":\"WebPage\",\"@id\":\"https:\/\/jumpextreme.pl\/index.php\/atrakcje\/tor-przeszkod-ninja\/\",\"url\":\"https:\/\/jumpextreme.pl\/index.php\/atrakcje\/tor-przeszkod-ninja\/\",\"name\":\"Tor przeszk\u00f3d NINJA - JUMP EXTREME\",\"isPartOf\":{\"@id\":\"https:\/\/jumpextreme.pl\/#website\"},\"datePublished\":\"2023-03-06T09:40:08+00:00\",\"dateModified\":\"2023-03-06T11:29:01+00:00\",\"breadcrumb\":{\"@id\":\"https:\/\/jumpextreme.pl\/index.php\/atrakcje\/tor-przeszkod-ninja\/#breadcrumb\"},\"inLanguage\":\"pl-PL\",\"potentialAction\":[{\"@type\":\"ReadAction\",\"target\":[\"https:\/\/jumpextreme.pl\/index.php\/atrakcje\/tor-przeszkod-ninja\/\"]}]},{\"@type\":\"BreadcrumbList\",\"@id\":\"https:\/\/jumpextreme.pl\/index.php\/atrakcje\/tor-przeszkod-ninja\/#breadcrumb\",\"itemListElement\":[{\"@type\":\"ListItem\",\"position\":1,\"name\":\"Strona g\u0142\u00f3wna\",\"item\":\"https:\/\/jumpextreme.pl\/\"},{\"@type\":\"ListItem\",\"position\":2,\"name\":\"Atrakcje\",\"item\":\"https:\/\/jumpextreme.pl\/index.php\/atrakcje\/\"},{\"@type\":\"ListItem\",\"position\":3,\"name\":\"Tor przeszk\u00f3d NINJA\"}]},{\"@type\":\"WebSite\",\"@id\":\"https:\/\/jumpextreme.pl\/#website\",\"url\":\"https:\/\/jumpextreme.pl\/\",\"name\":\"JUMP EXTREME\",\"description\":\"Pilski Park Trampolin\",\"publisher\":{\"@id\":\"https:\/\/jumpextreme.pl\/#organization\"},\"potentialAction\":[{\"@type\":\"SearchAction\",\"target\":{\"@type\":\"EntryPoint\",\"urlTemplate\":\"https:\/\/jumpextreme.pl\/?s={search_term_string}\"},\"query-input\":\"required name=search_term_string\"}],\"inLanguage\":\"pl-PL\"},{\"@type\":\"Organization\",\"@id\":\"https:\/\/jumpextreme.pl\/#organization\",\"name\":\"JUMP EXTREME\",\"url\":\"https:\/\/jumpextreme.pl\/\",\"logo\":{\"@type\":\"ImageObject\",\"inLanguage\":\"pl-PL\",\"@id\":\"https:\/\/jumpextreme.pl\/#\/schema\/logo\/image\/\",\"url\":\"https:\/\/jumpextreme.pl\/wp-content\/uploads\/2023\/01\/logo.webp\",\"contentUrl\":\"https:\/\/jumpextreme.pl\/wp-content\/uploads\/2023\/01\/logo.webp\",\"width\":1500,\"height\":1227,\"caption\":\"JUMP EXTREME\"},\"image\":{\"@id\":\"https:\/\/jumpextreme.pl\/#\/schema\/logo\/image\/\"},\"sameAs\":[\"https:\/\/www.facebook.com\/jumpextremepila\/\"]}]}<\/script>\n<!-- \/ Yoast SEO plugin. -->","yoast_head_json":{"title":"Tor przeszk\u00f3d NINJA - JUMP EXTREME","robots":{"index":"index","follow":"follow","max-snippet":"max-snippet:-1","max-image-preview":"max-image-preview:large","max-video-preview":"max-video-preview:-1"},"canonical":"https:\/\/jumpextreme.pl\/index.php\/atrakcje\/tor-przeszkod-ninja\/","og_locale":"pl_PL","og_type":"article","og_title":"Tor przeszk\u00f3d NINJA - JUMP EXTREME","og_description":"ATRAKCJE TOR PRZESZK\u00d3D NINJA Tor przeszk\u00f3d ninja to specjalnie zaprojektowany i skonstruowany tor, kt\u00f3ry umo\u017cliwia uczestnikom rywalizacj\u0119 i pokonywanie r\u00f3\u017cnego rodzaju przeszk\u00f3d. To tutaj liczy si\u0119 szybko\u015b\u0107, precyzja, zaanga\u017cowanie. Czy to du\u017cy, czy to ma\u0142y \u2013 prawdziwym Ninj\u0105 mo\u017cesz zosta\u0107 tak\u017ce Ty. Dwa r\u00f3wnoleg\u0142e, identyczne tory przeszk\u00f3d, pozwol\u0105 wy\u0142oni\u0107 tylko jednego prawdziwego Ninja. Do startu, [&hellip;]","og_url":"https:\/\/jumpextreme.pl\/index.php\/atrakcje\/tor-przeszkod-ninja\/","og_site_name":"JUMP EXTREME","article_publisher":"https:\/\/www.facebook.com\/jumpextremepila\/","article_modified_time":"2023-03-06T11:29:01+00:00","twitter_card":"summary_large_image","schema":{"@context":"https:\/\/schema.org","@graph":[{"@type":"WebPage","@id":"https:\/\/jumpextreme.pl\/index.php\/atrakcje\/tor-przeszkod-ninja\/","url":"https:\/\/jumpextreme.pl\/index.php\/atrakcje\/tor-przeszkod-ninja\/","name":"Tor przeszk\u00f3d NINJA - JUMP EXTREME","isPartOf":{"@id":"https:\/\/jumpextreme.pl\/#website"},"datePublished":"2023-03-06T09:40:08+00:00","dateModified":"2023-03-06T11:29:01+00:00","breadcrumb":{"@id":"https:\/\/jumpextreme.pl\/index.php\/atrakcje\/tor-przeszkod-ninja\/#breadcrumb"},"inLanguage":"pl-PL","potentialAction":[{"@type":"ReadAction","target":["https:\/\/jumpextreme.pl\/index.php\/atrakcje\/tor-przeszkod-ninja\/"]}]},{"@type":"BreadcrumbList","@id":"https:\/\/jumpextreme.pl\/index.php\/atrakcje\/tor-przeszkod-ninja\/#breadcrumb","itemListElement":[{"@type":"ListItem","position":1,"name":"Strona g\u0142\u00f3wna","item":"https:\/\/jumpextreme.pl\/"},{"@type":"ListItem","position":2,"name":"Atrakcje","item":"https:\/\/jumpextreme.pl\/index.php\/atrakcje\/"},{"@type":"ListItem","position":3,"name":"Tor przeszk\u00f3d NINJA"}]},{"@type":"WebSite","@id":"https:\/\/jumpextreme.pl\/#website","url":"https:\/\/jumpextreme.pl\/","name":"JUMP EXTREME","description":"Pilski Park Trampolin","publisher":{"@id":"https:\/\/jumpextreme.pl\/#organization"},"potentialAction":[{"@type":"SearchAction","target":{"@type":"EntryPoint","urlTemplate":"https:\/\/jumpextreme.pl\/?s={search_term_string}"},"query-input":"required name=search_term_string"}],"inLanguage":"pl-PL"},{"@type":"Organization","@id":"https:\/\/jumpextreme.pl\/#organization","name":"JUMP EXTREME","url":"https:\/\/jumpextreme.pl\/","logo":{"@type":"ImageObject","inLanguage":"pl-PL","@id":"https:\/\/jumpextreme.pl\/#\/schema\/logo\/image\/","url":"https:\/\/jumpextreme.pl\/wp-content\/uploads\/2023\/01\/logo.webp","contentUrl":"https:\/\/jumpextreme.pl\/wp-content\/uploads\/2023\/01\/logo.webp","width":1500,"height":1227,"caption":"JUMP EXTREME"},"image":{"@id":"https:\/\/jumpextreme.pl\/#\/schema\/logo\/image\/"},"sameAs":["https:\/\/www.facebook.com\/jumpextremepila\/"]}]}},"_links":{"self":[{"href":"https:\/\/jumpextreme.pl\/index.php\/wp-json\/wp\/v2\/pages\/1300"}],"collection":[{"href":"https:\/\/jumpextreme.pl\/index.php\/wp-json\/wp\/v2\/pages"}],"about":[{"href":"https:\/\/jumpextreme.pl\/index.php\/wp-json\/wp\/v2\/types\/page"}],"author":[{"embeddable":true,"href":"https:\/\/jumpextreme.pl\/index.php\/wp-json\/wp\/v2\/users\/1"}],"replies":[{"embeddable":true,"href":"https:\/\/jumpextreme.pl\/index.php\/wp-json\/wp\/v2\/comments?post=1300"}],"version-history":[{"count":10,"href":"https:\/\/jumpextreme.pl\/index.php\/wp-json\/wp\/v2\/pages\/1300\/revisions"}],"predecessor-version":[{"id":1463,"href":"https:\/\/jumpextreme.pl\/index.php\/wp-json\/wp\/v2\/pages\/1300\/revisions\/1463"}],"up":[{"embeddable":true,"href":"https:\/\/jumpextreme.pl\/index.php\/wp-json\/wp\/v2\/pages\/17"}],"wp:attachment":[{"href":"https:\/\/jumpextreme.pl\/index.php\/wp-json\/wp\/v2\/media?parent=1300"}],"curies":[{"name":"wp","href":"https:\/\/api.w.org\/{rel}","templated":true}]}}