{"id":1285,"date":"2023-03-06T09:38:06","date_gmt":"2023-03-06T09:38:06","guid":{"rendered":"https:\/\/jumpextreme.pl\/?page_id=1285"},"modified":"2023-03-09T12:28:11","modified_gmt":"2023-03-09T12:28:11","slug":"poducha-pneumatyczna","status":"publish","type":"page","link":"https:\/\/jumpextreme.pl\/index.php\/atrakcje\/poducha-pneumatyczna\/","title":{"rendered":"Poducha pneumatyczna"},"content":{"rendered":"\t\t<div data-elementor-type=\"wp-page\" data-elementor-id=\"1285\" class=\"elementor elementor-1285\">\n\t\t\t\t\t\t\t\t\t<section data-particle_enable=\"false\" data-particle-mobile-disabled=\"false\" class=\"elementor-section elementor-top-section elementor-element elementor-element-18cba73 elementor-section-boxed elementor-section-height-default elementor-section-height-default\" data-id=\"18cba73\" data-element_type=\"section\" data-settings=\"{&quot;background_background&quot;:&quot;classic&quot;}\">\n\t\t\t\t\t\t\t<div class=\"elementor-background-overlay\"><\/div>\n\t\t\t\t\t\t\t<div class=\"elementor-container elementor-column-gap-default\">\n\t\t\t\t\t<div class=\"elementor-column elementor-col-100 elementor-top-column elementor-element elementor-element-6236a2c\" data-id=\"6236a2c\" data-element_type=\"column\">\n\t\t\t<div class=\"elementor-widget-wrap elementor-element-populated\">\n\t\t\t\t\t\t\t\t<div class=\"elementor-element elementor-element-c2bfc97 elementor-widget elementor-widget-heading\" data-id=\"c2bfc97\" data-element_type=\"widget\" data-widget_type=\"heading.default\">\n\t\t\t\t<div class=\"elementor-widget-container\">\n\t\t\t<style>\/*! elementor - v3.11.3 - 07-03-2023 *\/\n.elementor-heading-title{padding:0;margin:0;line-height:1}.elementor-widget-heading .elementor-heading-title[class*=elementor-size-]>a{color:inherit;font-size:inherit;line-height:inherit}.elementor-widget-heading .elementor-heading-title.elementor-size-small{font-size:15px}.elementor-widget-heading .elementor-heading-title.elementor-size-medium{font-size:19px}.elementor-widget-heading .elementor-heading-title.elementor-size-large{font-size:29px}.elementor-widget-heading .elementor-heading-title.elementor-size-xl{font-size:39px}.elementor-widget-heading .elementor-heading-title.elementor-size-xxl{font-size:59px}<\/style><h2 class=\"elementor-heading-title elementor-size-default\">ATRAKCJE<\/h2>\t\t<\/div>\n\t\t\t\t<\/div>\n\t\t\t\t<div class=\"elementor-element elementor-element-51a73be elementor-widget elementor-widget-heading\" data-id=\"51a73be\" data-element_type=\"widget\" data-widget_type=\"heading.default\">\n\t\t\t\t<div class=\"elementor-widget-container\">\n\t\t\t<h2 class=\"elementor-heading-title elementor-size-default\">PODUCHA PNEUMATYCZNA<\/h2>\t\t<\/div>\n\t\t\t\t<\/div>\n\t\t\t\t<section data-particle_enable=\"false\" data-particle-mobile-disabled=\"false\" class=\"elementor-section elementor-inner-section elementor-element elementor-element-1386ef0 elementor-section-boxed elementor-section-height-default elementor-section-height-default\" data-id=\"1386ef0\" data-element_type=\"section\">\n\t\t\t\t\t\t<div class=\"elementor-container elementor-column-gap-wider\">\n\t\t\t\t\t<div class=\"elementor-column elementor-col-50 elementor-inner-column elementor-element elementor-element-b4f6c1e\" data-id=\"b4f6c1e\" data-element_type=\"column\" data-settings=\"{&quot;background_background&quot;:&quot;classic&quot;}\">\n\t\t\t<div class=\"elementor-widget-wrap\">\n\t\t\t\t\t\t\t\t\t<\/div>\n\t\t<\/div>\n\t\t\t\t<div class=\"elementor-column elementor-col-50 elementor-inner-column elementor-element elementor-element-3fd99b3\" data-id=\"3fd99b3\" data-element_type=\"column\">\n\t\t\t<div class=\"elementor-widget-wrap elementor-element-populated\">\n\t\t\t\t\t\t\t\t<div class=\"elementor-element elementor-element-23ffef5 elementor-widget elementor-widget-text-editor\" data-id=\"23ffef5\" data-element_type=\"widget\" data-widget_type=\"text-editor.default\">\n\t\t\t\t<div class=\"elementor-widget-container\">\n\t\t\t<style>\/*! elementor - v3.11.3 - 07-03-2023 *\/\n.elementor-widget-text-editor.elementor-drop-cap-view-stacked .elementor-drop-cap{background-color:#818a91;color:#fff}.elementor-widget-text-editor.elementor-drop-cap-view-framed .elementor-drop-cap{color:#818a91;border:3px solid;background-color:transparent}.elementor-widget-text-editor:not(.elementor-drop-cap-view-default) .elementor-drop-cap{margin-top:8px}.elementor-widget-text-editor:not(.elementor-drop-cap-view-default) .elementor-drop-cap-letter{width:1em;height:1em}.elementor-widget-text-editor .elementor-drop-cap{float:left;text-align:center;line-height:1;font-size:50px}.elementor-widget-text-editor .elementor-drop-cap-letter{display:inline-block}<\/style>\t\t\t\t<p>Amortyzuj\u0105ce poduchy o wymiarach 25 m2 ka\u017cda, kt\u00f3rych ich celem jest zapewnienie bezpiecznego l\u0105dowania po wykonaniu skoku lub ewolucji.<\/p>\n<p>Poduszki pneumatyczne s\u0105 r\u00f3wnie\u017c popularne w\u015br\u00f3d dzieci i m\u0142odzie\u017cy jako atrakcja rekreacyjna, kt\u00f3ra umo\u017cliwia bezpieczn\u0105 zabaw\u0119 i odkrywanie nowych umiej\u0119tno\u015bci.<\/p>\n<p>To tutaj wykonasz ulubione ewolucje, pewnie i bezpiecznie l\u0105duj\u0105c w obj\u0119ciach czekaj\u0105cej poduszki pneumatycznej.<\/p>\t\t\t\t\t\t<\/div>\n\t\t\t\t<\/div>\n\t\t\t\t\t<\/div>\n\t\t<\/div>\n\t\t\t\t\t\t\t<\/div>\n\t\t<\/section>\n\t\t\t\t\t<\/div>\n\t\t<\/div>\n\t\t\t\t\t\t\t<\/div>\n\t\t<\/section>\n\t\t\t\t\t\t\t<\/div>\n\t\t","protected":false},"excerpt":{"rendered":"<p>ATRAKCJE PODUCHA PNEUMATYCZNA Amortyzuj\u0105ce poduchy o wymiarach 25 m2 ka\u017cda, kt\u00f3rych ich celem jest zapewnienie bezpiecznego l\u0105dowania po wykonaniu skoku lub ewolucji. Poduszki pneumatyczne s\u0105 r\u00f3wnie\u017c popularne w\u015br\u00f3d dzieci i m\u0142odzie\u017cy jako atrakcja rekreacyjna, kt\u00f3ra umo\u017cliwia bezpieczn\u0105 zabaw\u0119 i odkrywanie nowych umiej\u0119tno\u015bci. To tutaj wykonasz ulubione ewolucje, pewnie i bezpiecznie l\u0105duj\u0105c w obj\u0119ciach czekaj\u0105cej poduszki [&hellip;]<\/p>\n","protected":false},"author":1,"featured_media":0,"parent":17,"menu_order":0,"comment_status":"closed","ping_status":"closed","template":"elementor_header_footer","meta":{"_eb_attr":"","inline_featured_image":false},"yoast_head":"<!-- This site is optimized with the Yoast SEO plugin v20.2.1 - https:\/\/yoast.com\/wordpress\/plugins\/seo\/ -->\n<title>Poducha pneumatyczna - JUMP EXTREME<\/title>\n<meta name=\"robots\" content=\"index, follow, max-snippet:-1, max-image-preview:large, max-video-preview:-1\" \/>\n<link rel=\"canonical\" href=\"https:\/\/jumpextreme.pl\/index.php\/atrakcje\/poducha-pneumatyczna\/\" \/>\n<meta property=\"og:locale\" content=\"pl_PL\" \/>\n<meta property=\"og:type\" content=\"article\" \/>\n<meta property=\"og:title\" content=\"Poducha pneumatyczna - JUMP EXTREME\" \/>\n<meta property=\"og:description\" content=\"ATRAKCJE PODUCHA PNEUMATYCZNA Amortyzuj\u0105ce poduchy o wymiarach 25 m2 ka\u017cda, kt\u00f3rych ich celem jest zapewnienie bezpiecznego l\u0105dowania po wykonaniu skoku lub ewolucji. Poduszki pneumatyczne s\u0105 r\u00f3wnie\u017c popularne w\u015br\u00f3d dzieci i m\u0142odzie\u017cy jako atrakcja rekreacyjna, kt\u00f3ra umo\u017cliwia bezpieczn\u0105 zabaw\u0119 i odkrywanie nowych umiej\u0119tno\u015bci. To tutaj wykonasz ulubione ewolucje, pewnie i bezpiecznie l\u0105duj\u0105c w obj\u0119ciach czekaj\u0105cej poduszki [&hellip;]\" \/>\n<meta property=\"og:url\" content=\"https:\/\/jumpextreme.pl\/index.php\/atrakcje\/poducha-pneumatyczna\/\" \/>\n<meta property=\"og:site_name\" content=\"JUMP EXTREME\" \/>\n<meta property=\"article:publisher\" content=\"https:\/\/www.facebook.com\/jumpextremepila\/\" \/>\n<meta property=\"article:modified_time\" content=\"2023-03-09T12:28:11+00:00\" \/>\n<meta name=\"twitter:card\" content=\"summary_large_image\" \/>\n<meta name=\"twitter:label1\" content=\"Szacowany czas czytania\" \/>\n\t<meta name=\"twitter:data1\" content=\"1 minuta\" \/>\n<script type=\"application\/ld+json\" class=\"yoast-schema-graph\">{\"@context\":\"https:\/\/schema.org\",\"@graph\":[{\"@type\":\"WebPage\",\"@id\":\"https:\/\/jumpextreme.pl\/index.php\/atrakcje\/poducha-pneumatyczna\/\",\"url\":\"https:\/\/jumpextreme.pl\/index.php\/atrakcje\/poducha-pneumatyczna\/\",\"name\":\"Poducha pneumatyczna - JUMP EXTREME\",\"isPartOf\":{\"@id\":\"https:\/\/jumpextreme.pl\/#website\"},\"datePublished\":\"2023-03-06T09:38:06+00:00\",\"dateModified\":\"2023-03-09T12:28:11+00:00\",\"breadcrumb\":{\"@id\":\"https:\/\/jumpextreme.pl\/index.php\/atrakcje\/poducha-pneumatyczna\/#breadcrumb\"},\"inLanguage\":\"pl-PL\",\"potentialAction\":[{\"@type\":\"ReadAction\",\"target\":[\"https:\/\/jumpextreme.pl\/index.php\/atrakcje\/poducha-pneumatyczna\/\"]}]},{\"@type\":\"BreadcrumbList\",\"@id\":\"https:\/\/jumpextreme.pl\/index.php\/atrakcje\/poducha-pneumatyczna\/#breadcrumb\",\"itemListElement\":[{\"@type\":\"ListItem\",\"position\":1,\"name\":\"Strona g\u0142\u00f3wna\",\"item\":\"https:\/\/jumpextreme.pl\/\"},{\"@type\":\"ListItem\",\"position\":2,\"name\":\"Atrakcje\",\"item\":\"https:\/\/jumpextreme.pl\/index.php\/atrakcje\/\"},{\"@type\":\"ListItem\",\"position\":3,\"name\":\"Poducha pneumatyczna\"}]},{\"@type\":\"WebSite\",\"@id\":\"https:\/\/jumpextreme.pl\/#website\",\"url\":\"https:\/\/jumpextreme.pl\/\",\"name\":\"JUMP EXTREME\",\"description\":\"Pilski Park Trampolin\",\"publisher\":{\"@id\":\"https:\/\/jumpextreme.pl\/#organization\"},\"potentialAction\":[{\"@type\":\"SearchAction\",\"target\":{\"@type\":\"EntryPoint\",\"urlTemplate\":\"https:\/\/jumpextreme.pl\/?s={search_term_string}\"},\"query-input\":\"required name=search_term_string\"}],\"inLanguage\":\"pl-PL\"},{\"@type\":\"Organization\",\"@id\":\"https:\/\/jumpextreme.pl\/#organization\",\"name\":\"JUMP EXTREME\",\"url\":\"https:\/\/jumpextreme.pl\/\",\"logo\":{\"@type\":\"ImageObject\",\"inLanguage\":\"pl-PL\",\"@id\":\"https:\/\/jumpextreme.pl\/#\/schema\/logo\/image\/\",\"url\":\"https:\/\/jumpextreme.pl\/wp-content\/uploads\/2023\/01\/logo.webp\",\"contentUrl\":\"https:\/\/jumpextreme.pl\/wp-content\/uploads\/2023\/01\/logo.webp\",\"width\":1500,\"height\":1227,\"caption\":\"JUMP EXTREME\"},\"image\":{\"@id\":\"https:\/\/jumpextreme.pl\/#\/schema\/logo\/image\/\"},\"sameAs\":[\"https:\/\/www.facebook.com\/jumpextremepila\/\"]}]}<\/script>\n<!-- \/ Yoast SEO plugin. -->","yoast_head_json":{"title":"Poducha pneumatyczna - JUMP EXTREME","robots":{"index":"index","follow":"follow","max-snippet":"max-snippet:-1","max-image-preview":"max-image-preview:large","max-video-preview":"max-video-preview:-1"},"canonical":"https:\/\/jumpextreme.pl\/index.php\/atrakcje\/poducha-pneumatyczna\/","og_locale":"pl_PL","og_type":"article","og_title":"Poducha pneumatyczna - JUMP EXTREME","og_description":"ATRAKCJE PODUCHA PNEUMATYCZNA Amortyzuj\u0105ce poduchy o wymiarach 25 m2 ka\u017cda, kt\u00f3rych ich celem jest zapewnienie bezpiecznego l\u0105dowania po wykonaniu skoku lub ewolucji. Poduszki pneumatyczne s\u0105 r\u00f3wnie\u017c popularne w\u015br\u00f3d dzieci i m\u0142odzie\u017cy jako atrakcja rekreacyjna, kt\u00f3ra umo\u017cliwia bezpieczn\u0105 zabaw\u0119 i odkrywanie nowych umiej\u0119tno\u015bci. To tutaj wykonasz ulubione ewolucje, pewnie i bezpiecznie l\u0105duj\u0105c w obj\u0119ciach czekaj\u0105cej poduszki [&hellip;]","og_url":"https:\/\/jumpextreme.pl\/index.php\/atrakcje\/poducha-pneumatyczna\/","og_site_name":"JUMP EXTREME","article_publisher":"https:\/\/www.facebook.com\/jumpextremepila\/","article_modified_time":"2023-03-09T12:28:11+00:00","twitter_card":"summary_large_image","twitter_misc":{"Szacowany czas czytania":"1 minuta"},"schema":{"@context":"https:\/\/schema.org","@graph":[{"@type":"WebPage","@id":"https:\/\/jumpextreme.pl\/index.php\/atrakcje\/poducha-pneumatyczna\/","url":"https:\/\/jumpextreme.pl\/index.php\/atrakcje\/poducha-pneumatyczna\/","name":"Poducha pneumatyczna - JUMP EXTREME","isPartOf":{"@id":"https:\/\/jumpextreme.pl\/#website"},"datePublished":"2023-03-06T09:38:06+00:00","dateModified":"2023-03-09T12:28:11+00:00","breadcrumb":{"@id":"https:\/\/jumpextreme.pl\/index.php\/atrakcje\/poducha-pneumatyczna\/#breadcrumb"},"inLanguage":"pl-PL","potentialAction":[{"@type":"ReadAction","target":["https:\/\/jumpextreme.pl\/index.php\/atrakcje\/poducha-pneumatyczna\/"]}]},{"@type":"BreadcrumbList","@id":"https:\/\/jumpextreme.pl\/index.php\/atrakcje\/poducha-pneumatyczna\/#breadcrumb","itemListElement":[{"@type":"ListItem","position":1,"name":"Strona g\u0142\u00f3wna","item":"https:\/\/jumpextreme.pl\/"},{"@type":"ListItem","position":2,"name":"Atrakcje","item":"https:\/\/jumpextreme.pl\/index.php\/atrakcje\/"},{"@type":"ListItem","position":3,"name":"Poducha pneumatyczna"}]},{"@type":"WebSite","@id":"https:\/\/jumpextreme.pl\/#website","url":"https:\/\/jumpextreme.pl\/","name":"JUMP EXTREME","description":"Pilski Park Trampolin","publisher":{"@id":"https:\/\/jumpextreme.pl\/#organization"},"potentialAction":[{"@type":"SearchAction","target":{"@type":"EntryPoint","urlTemplate":"https:\/\/jumpextreme.pl\/?s={search_term_string}"},"query-input":"required name=search_term_string"}],"inLanguage":"pl-PL"},{"@type":"Organization","@id":"https:\/\/jumpextreme.pl\/#organization","name":"JUMP EXTREME","url":"https:\/\/jumpextreme.pl\/","logo":{"@type":"ImageObject","inLanguage":"pl-PL","@id":"https:\/\/jumpextreme.pl\/#\/schema\/logo\/image\/","url":"https:\/\/jumpextreme.pl\/wp-content\/uploads\/2023\/01\/logo.webp","contentUrl":"https:\/\/jumpextreme.pl\/wp-content\/uploads\/2023\/01\/logo.webp","width":1500,"height":1227,"caption":"JUMP EXTREME"},"image":{"@id":"https:\/\/jumpextreme.pl\/#\/schema\/logo\/image\/"},"sameAs":["https:\/\/www.facebook.com\/jumpextremepila\/"]}]}},"_links":{"self":[{"href":"https:\/\/jumpextreme.pl\/index.php\/wp-json\/wp\/v2\/pages\/1285"}],"collection":[{"href":"https:\/\/jumpextreme.pl\/index.php\/wp-json\/wp\/v2\/pages"}],"about":[{"href":"https:\/\/jumpextreme.pl\/index.php\/wp-json\/wp\/v2\/types\/page"}],"author":[{"embeddable":true,"href":"https:\/\/jumpextreme.pl\/index.php\/wp-json\/wp\/v2\/users\/1"}],"replies":[{"embeddable":true,"href":"https:\/\/jumpextreme.pl\/index.php\/wp-json\/wp\/v2\/comments?post=1285"}],"version-history":[{"count":7,"href":"https:\/\/jumpextreme.pl\/index.php\/wp-json\/wp\/v2\/pages\/1285\/revisions"}],"predecessor-version":[{"id":1610,"href":"https:\/\/jumpextreme.pl\/index.php\/wp-json\/wp\/v2\/pages\/1285\/revisions\/1610"}],"up":[{"embeddable":true,"href":"https:\/\/jumpextreme.pl\/index.php\/wp-json\/wp\/v2\/pages\/17"}],"wp:attachment":[{"href":"https:\/\/jumpextreme.pl\/index.php\/wp-json\/wp\/v2\/media?parent=1285"}],"curies":[{"name":"wp","href":"https:\/\/api.w.org\/{rel}","templated":true}]}}