{"id":1280,"date":"2023-03-06T09:37:27","date_gmt":"2023-03-06T09:37:27","guid":{"rendered":"https:\/\/jumpextreme.pl\/?page_id=1280"},"modified":"2023-03-09T12:41:11","modified_gmt":"2023-03-09T12:41:11","slug":"park-linowy-powietrzny-tor-przeszkod","status":"publish","type":"page","link":"https:\/\/jumpextreme.pl\/index.php\/atrakcje\/park-linowy-powietrzny-tor-przeszkod\/","title":{"rendered":"Park linowy \/ powietrzny tor przeszk\u00f3d"},"content":{"rendered":"\t\t<div data-elementor-type=\"wp-page\" data-elementor-id=\"1280\" class=\"elementor elementor-1280\">\n\t\t\t\t\t\t\t\t\t<section data-particle_enable=\"false\" data-particle-mobile-disabled=\"false\" class=\"elementor-section elementor-top-section elementor-element elementor-element-eb26e91 elementor-section-boxed elementor-section-height-default elementor-section-height-default\" data-id=\"eb26e91\" data-element_type=\"section\" data-settings=\"{&quot;background_background&quot;:&quot;classic&quot;}\">\n\t\t\t\t\t\t\t<div class=\"elementor-background-overlay\"><\/div>\n\t\t\t\t\t\t\t<div class=\"elementor-container elementor-column-gap-default\">\n\t\t\t\t\t<div class=\"elementor-column elementor-col-100 elementor-top-column elementor-element elementor-element-3322284\" data-id=\"3322284\" data-element_type=\"column\">\n\t\t\t<div class=\"elementor-widget-wrap elementor-element-populated\">\n\t\t\t\t\t\t\t\t<div class=\"elementor-element elementor-element-d896ac0 elementor-widget elementor-widget-heading\" data-id=\"d896ac0\" data-element_type=\"widget\" data-widget_type=\"heading.default\">\n\t\t\t\t<div class=\"elementor-widget-container\">\n\t\t\t<style>\/*! elementor - v3.11.3 - 07-03-2023 *\/\n.elementor-heading-title{padding:0;margin:0;line-height:1}.elementor-widget-heading .elementor-heading-title[class*=elementor-size-]>a{color:inherit;font-size:inherit;line-height:inherit}.elementor-widget-heading .elementor-heading-title.elementor-size-small{font-size:15px}.elementor-widget-heading .elementor-heading-title.elementor-size-medium{font-size:19px}.elementor-widget-heading .elementor-heading-title.elementor-size-large{font-size:29px}.elementor-widget-heading .elementor-heading-title.elementor-size-xl{font-size:39px}.elementor-widget-heading .elementor-heading-title.elementor-size-xxl{font-size:59px}<\/style><h2 class=\"elementor-heading-title elementor-size-default\">ATRAKCJE<\/h2>\t\t<\/div>\n\t\t\t\t<\/div>\n\t\t\t\t<div class=\"elementor-element elementor-element-64196d1 elementor-widget elementor-widget-heading\" data-id=\"64196d1\" data-element_type=\"widget\" data-widget_type=\"heading.default\">\n\t\t\t\t<div class=\"elementor-widget-container\">\n\t\t\t<h2 class=\"elementor-heading-title elementor-size-default\">PARK LINOWY \/ POWIETRZNY TOR PRZESZK\u00d3D<\/h2>\t\t<\/div>\n\t\t\t\t<\/div>\n\t\t\t\t<section data-particle_enable=\"false\" data-particle-mobile-disabled=\"false\" class=\"elementor-section elementor-inner-section elementor-element elementor-element-2aec7f2 elementor-section-boxed elementor-section-height-default elementor-section-height-default\" data-id=\"2aec7f2\" data-element_type=\"section\">\n\t\t\t\t\t\t<div class=\"elementor-container elementor-column-gap-wider\">\n\t\t\t\t\t<div class=\"elementor-column elementor-col-50 elementor-inner-column elementor-element elementor-element-0158569\" data-id=\"0158569\" data-element_type=\"column\" data-settings=\"{&quot;background_background&quot;:&quot;classic&quot;}\">\n\t\t\t<div class=\"elementor-widget-wrap\">\n\t\t\t\t\t\t\t\t\t<\/div>\n\t\t<\/div>\n\t\t\t\t<div class=\"elementor-column elementor-col-50 elementor-inner-column elementor-element elementor-element-9444af7\" data-id=\"9444af7\" data-element_type=\"column\">\n\t\t\t<div class=\"elementor-widget-wrap elementor-element-populated\">\n\t\t\t\t\t\t\t\t<div class=\"elementor-element elementor-element-dc1f049 elementor-widget elementor-widget-text-editor\" data-id=\"dc1f049\" data-element_type=\"widget\" data-widget_type=\"text-editor.default\">\n\t\t\t\t<div class=\"elementor-widget-container\">\n\t\t\t<style>\/*! elementor - v3.11.3 - 07-03-2023 *\/\n.elementor-widget-text-editor.elementor-drop-cap-view-stacked .elementor-drop-cap{background-color:#818a91;color:#fff}.elementor-widget-text-editor.elementor-drop-cap-view-framed .elementor-drop-cap{color:#818a91;border:3px solid;background-color:transparent}.elementor-widget-text-editor:not(.elementor-drop-cap-view-default) .elementor-drop-cap{margin-top:8px}.elementor-widget-text-editor:not(.elementor-drop-cap-view-default) .elementor-drop-cap-letter{width:1em;height:1em}.elementor-widget-text-editor .elementor-drop-cap{float:left;text-align:center;line-height:1;font-size:50px}.elementor-widget-text-editor .elementor-drop-cap-letter{display:inline-block}<\/style>\t\t\t\t<p>Bezpieczny park powietrzny, o sta\u0142ej asekuracji w postaci siatek pe\u0142nych, to idealne miejsce, aby z wysoko\u015bci 5m nad poziomem trampolin, pokona\u0107 sw\u00f3j l\u0119k wysoko\u015bci.<\/p><p>Trasa Kr\u00f3tka, tak na pocz\u0105tek, a potem po zdobyciu wprawy i rozgrzaniu mi\u0119\u015bni, trasa D\u0142uga.<\/p><p>6 powietrznych domk\u00f3w, 7 zr\u00f3\u017cnicowanych poziomem trudno\u015bci przeszk\u00f3d pozwoli ka\u017cdemu znale\u017a\u0107 co\u015b dla siebie.<\/p><p><strong>Atrakcja dost\u0119pna dla dzieci o minimalnym wzro\u015bcie 110 cm.<\/strong><\/p>\t\t\t\t\t\t<\/div>\n\t\t\t\t<\/div>\n\t\t\t\t\t<\/div>\n\t\t<\/div>\n\t\t\t\t\t\t\t<\/div>\n\t\t<\/section>\n\t\t\t\t<section data-particle_enable=\"false\" data-particle-mobile-disabled=\"false\" class=\"elementor-section elementor-inner-section elementor-element elementor-element-ec5397e elementor-section-boxed elementor-section-height-default elementor-section-height-default\" data-id=\"ec5397e\" data-element_type=\"section\">\n\t\t\t\t\t\t<div class=\"elementor-container elementor-column-gap-wider\">\n\t\t\t\t\t<div class=\"elementor-column elementor-col-100 elementor-inner-column elementor-element elementor-element-f77b471\" data-id=\"f77b471\" data-element_type=\"column\">\n\t\t\t<div class=\"elementor-widget-wrap elementor-element-populated\">\n\t\t\t\t\t\t\t\t<div class=\"elementor-element elementor-element-1a75700 elementor-widget elementor-widget-video\" data-id=\"1a75700\" data-element_type=\"widget\" data-settings=\"{&quot;video_type&quot;:&quot;hosted&quot;,&quot;mute&quot;:&quot;yes&quot;,&quot;loop&quot;:&quot;yes&quot;,&quot;controls&quot;:&quot;yes&quot;}\" data-widget_type=\"video.default\">\n\t\t\t\t<div class=\"elementor-widget-container\">\n\t\t\t<style>\/*! elementor - v3.11.3 - 07-03-2023 *\/\n.elementor-widget-video .elementor-widget-container{overflow:hidden;transform:translateZ(0)}.elementor-widget-video .elementor-wrapper iframe,.elementor-widget-video .elementor-wrapper video{height:100%;width:100%;border:none;background-color:#000}.elementor-widget-video .elementor-open-inline .elementor-custom-embed-image-overlay{position:absolute;top:0;left:0;width:100%;height:100%;background-size:cover;background-position:50%}.elementor-widget-video .elementor-custom-embed-image-overlay{cursor:pointer;text-align:center}.elementor-widget-video .elementor-custom-embed-image-overlay:hover .elementor-custom-embed-play i{opacity:1}.elementor-widget-video .elementor-custom-embed-image-overlay img{display:block;width:100%}.elementor-widget-video .e-hosted-video .elementor-video{-o-object-fit:cover;object-fit:cover}.e-con-inner>.elementor-widget-video,.e-con>.elementor-widget-video{width:var(--container-widget-width);--flex-grow:var(--container-widget-flex-grow)}<\/style>\t\t<div class=\"e-hosted-video elementor-wrapper elementor-open-inline\">\n\t\t\t\t\t<video class=\"elementor-video\" src=\"https:\/\/jumpextreme.pl\/wp-content\/uploads\/2023\/03\/VID-20200920-WA0023.mp4\" loop=\"\" controls=\"\" preload=\"metadata\" muted=\"muted\" controlsList=\"nodownload\"><\/video>\n\t\t\t\t<\/div>\n\t\t\t\t<\/div>\n\t\t\t\t<\/div>\n\t\t\t\t\t<\/div>\n\t\t<\/div>\n\t\t\t\t\t\t\t<\/div>\n\t\t<\/section>\n\t\t\t\t\t<\/div>\n\t\t<\/div>\n\t\t\t\t\t\t\t<\/div>\n\t\t<\/section>\n\t\t\t\t\t\t\t<\/div>\n\t\t","protected":false},"excerpt":{"rendered":"<p>ATRAKCJE PARK LINOWY \/ POWIETRZNY TOR PRZESZK\u00d3D Bezpieczny park powietrzny, o sta\u0142ej asekuracji w postaci siatek pe\u0142nych, to idealne miejsce, aby z wysoko\u015bci 5m nad poziomem trampolin, pokona\u0107 sw\u00f3j l\u0119k wysoko\u015bci. Trasa Kr\u00f3tka, tak na pocz\u0105tek, a potem po zdobyciu wprawy i rozgrzaniu mi\u0119\u015bni, trasa D\u0142uga. 6 powietrznych domk\u00f3w, 7 zr\u00f3\u017cnicowanych poziomem trudno\u015bci przeszk\u00f3d pozwoli [&hellip;]<\/p>\n","protected":false},"author":1,"featured_media":0,"parent":17,"menu_order":0,"comment_status":"closed","ping_status":"closed","template":"elementor_header_footer","meta":{"_eb_attr":"","inline_featured_image":false},"yoast_head":"<!-- This site is optimized with the Yoast SEO plugin v20.2.1 - https:\/\/yoast.com\/wordpress\/plugins\/seo\/ -->\n<title>Park linowy \/ powietrzny tor przeszk\u00f3d - JUMP EXTREME<\/title>\n<meta name=\"robots\" content=\"index, follow, max-snippet:-1, max-image-preview:large, max-video-preview:-1\" \/>\n<link rel=\"canonical\" href=\"https:\/\/jumpextreme.pl\/index.php\/atrakcje\/park-linowy-powietrzny-tor-przeszkod\/\" \/>\n<meta property=\"og:locale\" content=\"pl_PL\" \/>\n<meta property=\"og:type\" content=\"article\" \/>\n<meta property=\"og:title\" content=\"Park linowy \/ powietrzny tor przeszk\u00f3d - JUMP EXTREME\" \/>\n<meta property=\"og:description\" content=\"ATRAKCJE PARK LINOWY \/ POWIETRZNY TOR PRZESZK\u00d3D Bezpieczny park powietrzny, o sta\u0142ej asekuracji w postaci siatek pe\u0142nych, to idealne miejsce, aby z wysoko\u015bci 5m nad poziomem trampolin, pokona\u0107 sw\u00f3j l\u0119k wysoko\u015bci. Trasa Kr\u00f3tka, tak na pocz\u0105tek, a potem po zdobyciu wprawy i rozgrzaniu mi\u0119\u015bni, trasa D\u0142uga. 6 powietrznych domk\u00f3w, 7 zr\u00f3\u017cnicowanych poziomem trudno\u015bci przeszk\u00f3d pozwoli [&hellip;]\" \/>\n<meta property=\"og:url\" content=\"https:\/\/jumpextreme.pl\/index.php\/atrakcje\/park-linowy-powietrzny-tor-przeszkod\/\" \/>\n<meta property=\"og:site_name\" content=\"JUMP EXTREME\" \/>\n<meta property=\"article:publisher\" content=\"https:\/\/www.facebook.com\/jumpextremepila\/\" \/>\n<meta property=\"article:modified_time\" content=\"2023-03-09T12:41:11+00:00\" \/>\n<meta name=\"twitter:card\" content=\"summary_large_image\" \/>\n<meta name=\"twitter:label1\" content=\"Szacowany czas czytania\" \/>\n\t<meta name=\"twitter:data1\" content=\"1 minuta\" \/>\n<script type=\"application\/ld+json\" class=\"yoast-schema-graph\">{\"@context\":\"https:\/\/schema.org\",\"@graph\":[{\"@type\":\"WebPage\",\"@id\":\"https:\/\/jumpextreme.pl\/index.php\/atrakcje\/park-linowy-powietrzny-tor-przeszkod\/\",\"url\":\"https:\/\/jumpextreme.pl\/index.php\/atrakcje\/park-linowy-powietrzny-tor-przeszkod\/\",\"name\":\"Park linowy \/ powietrzny tor przeszk\u00f3d - JUMP EXTREME\",\"isPartOf\":{\"@id\":\"https:\/\/jumpextreme.pl\/#website\"},\"datePublished\":\"2023-03-06T09:37:27+00:00\",\"dateModified\":\"2023-03-09T12:41:11+00:00\",\"breadcrumb\":{\"@id\":\"https:\/\/jumpextreme.pl\/index.php\/atrakcje\/park-linowy-powietrzny-tor-przeszkod\/#breadcrumb\"},\"inLanguage\":\"pl-PL\",\"potentialAction\":[{\"@type\":\"ReadAction\",\"target\":[\"https:\/\/jumpextreme.pl\/index.php\/atrakcje\/park-linowy-powietrzny-tor-przeszkod\/\"]}]},{\"@type\":\"BreadcrumbList\",\"@id\":\"https:\/\/jumpextreme.pl\/index.php\/atrakcje\/park-linowy-powietrzny-tor-przeszkod\/#breadcrumb\",\"itemListElement\":[{\"@type\":\"ListItem\",\"position\":1,\"name\":\"Strona g\u0142\u00f3wna\",\"item\":\"https:\/\/jumpextreme.pl\/\"},{\"@type\":\"ListItem\",\"position\":2,\"name\":\"Atrakcje\",\"item\":\"https:\/\/jumpextreme.pl\/index.php\/atrakcje\/\"},{\"@type\":\"ListItem\",\"position\":3,\"name\":\"Park linowy \/ powietrzny tor przeszk\u00f3d\"}]},{\"@type\":\"WebSite\",\"@id\":\"https:\/\/jumpextreme.pl\/#website\",\"url\":\"https:\/\/jumpextreme.pl\/\",\"name\":\"JUMP EXTREME\",\"description\":\"Pilski Park Trampolin\",\"publisher\":{\"@id\":\"https:\/\/jumpextreme.pl\/#organization\"},\"potentialAction\":[{\"@type\":\"SearchAction\",\"target\":{\"@type\":\"EntryPoint\",\"urlTemplate\":\"https:\/\/jumpextreme.pl\/?s={search_term_string}\"},\"query-input\":\"required name=search_term_string\"}],\"inLanguage\":\"pl-PL\"},{\"@type\":\"Organization\",\"@id\":\"https:\/\/jumpextreme.pl\/#organization\",\"name\":\"JUMP EXTREME\",\"url\":\"https:\/\/jumpextreme.pl\/\",\"logo\":{\"@type\":\"ImageObject\",\"inLanguage\":\"pl-PL\",\"@id\":\"https:\/\/jumpextreme.pl\/#\/schema\/logo\/image\/\",\"url\":\"https:\/\/jumpextreme.pl\/wp-content\/uploads\/2023\/01\/logo.webp\",\"contentUrl\":\"https:\/\/jumpextreme.pl\/wp-content\/uploads\/2023\/01\/logo.webp\",\"width\":1500,\"height\":1227,\"caption\":\"JUMP EXTREME\"},\"image\":{\"@id\":\"https:\/\/jumpextreme.pl\/#\/schema\/logo\/image\/\"},\"sameAs\":[\"https:\/\/www.facebook.com\/jumpextremepila\/\"]}]}<\/script>\n<!-- \/ Yoast SEO plugin. -->","yoast_head_json":{"title":"Park linowy \/ powietrzny tor przeszk\u00f3d - JUMP EXTREME","robots":{"index":"index","follow":"follow","max-snippet":"max-snippet:-1","max-image-preview":"max-image-preview:large","max-video-preview":"max-video-preview:-1"},"canonical":"https:\/\/jumpextreme.pl\/index.php\/atrakcje\/park-linowy-powietrzny-tor-przeszkod\/","og_locale":"pl_PL","og_type":"article","og_title":"Park linowy \/ powietrzny tor przeszk\u00f3d - JUMP EXTREME","og_description":"ATRAKCJE PARK LINOWY \/ POWIETRZNY TOR PRZESZK\u00d3D Bezpieczny park powietrzny, o sta\u0142ej asekuracji w postaci siatek pe\u0142nych, to idealne miejsce, aby z wysoko\u015bci 5m nad poziomem trampolin, pokona\u0107 sw\u00f3j l\u0119k wysoko\u015bci. Trasa Kr\u00f3tka, tak na pocz\u0105tek, a potem po zdobyciu wprawy i rozgrzaniu mi\u0119\u015bni, trasa D\u0142uga. 6 powietrznych domk\u00f3w, 7 zr\u00f3\u017cnicowanych poziomem trudno\u015bci przeszk\u00f3d pozwoli [&hellip;]","og_url":"https:\/\/jumpextreme.pl\/index.php\/atrakcje\/park-linowy-powietrzny-tor-przeszkod\/","og_site_name":"JUMP EXTREME","article_publisher":"https:\/\/www.facebook.com\/jumpextremepila\/","article_modified_time":"2023-03-09T12:41:11+00:00","twitter_card":"summary_large_image","twitter_misc":{"Szacowany czas czytania":"1 minuta"},"schema":{"@context":"https:\/\/schema.org","@graph":[{"@type":"WebPage","@id":"https:\/\/jumpextreme.pl\/index.php\/atrakcje\/park-linowy-powietrzny-tor-przeszkod\/","url":"https:\/\/jumpextreme.pl\/index.php\/atrakcje\/park-linowy-powietrzny-tor-przeszkod\/","name":"Park linowy \/ powietrzny tor przeszk\u00f3d - JUMP EXTREME","isPartOf":{"@id":"https:\/\/jumpextreme.pl\/#website"},"datePublished":"2023-03-06T09:37:27+00:00","dateModified":"2023-03-09T12:41:11+00:00","breadcrumb":{"@id":"https:\/\/jumpextreme.pl\/index.php\/atrakcje\/park-linowy-powietrzny-tor-przeszkod\/#breadcrumb"},"inLanguage":"pl-PL","potentialAction":[{"@type":"ReadAction","target":["https:\/\/jumpextreme.pl\/index.php\/atrakcje\/park-linowy-powietrzny-tor-przeszkod\/"]}]},{"@type":"BreadcrumbList","@id":"https:\/\/jumpextreme.pl\/index.php\/atrakcje\/park-linowy-powietrzny-tor-przeszkod\/#breadcrumb","itemListElement":[{"@type":"ListItem","position":1,"name":"Strona g\u0142\u00f3wna","item":"https:\/\/jumpextreme.pl\/"},{"@type":"ListItem","position":2,"name":"Atrakcje","item":"https:\/\/jumpextreme.pl\/index.php\/atrakcje\/"},{"@type":"ListItem","position":3,"name":"Park linowy \/ powietrzny tor przeszk\u00f3d"}]},{"@type":"WebSite","@id":"https:\/\/jumpextreme.pl\/#website","url":"https:\/\/jumpextreme.pl\/","name":"JUMP EXTREME","description":"Pilski Park Trampolin","publisher":{"@id":"https:\/\/jumpextreme.pl\/#organization"},"potentialAction":[{"@type":"SearchAction","target":{"@type":"EntryPoint","urlTemplate":"https:\/\/jumpextreme.pl\/?s={search_term_string}"},"query-input":"required name=search_term_string"}],"inLanguage":"pl-PL"},{"@type":"Organization","@id":"https:\/\/jumpextreme.pl\/#organization","name":"JUMP EXTREME","url":"https:\/\/jumpextreme.pl\/","logo":{"@type":"ImageObject","inLanguage":"pl-PL","@id":"https:\/\/jumpextreme.pl\/#\/schema\/logo\/image\/","url":"https:\/\/jumpextreme.pl\/wp-content\/uploads\/2023\/01\/logo.webp","contentUrl":"https:\/\/jumpextreme.pl\/wp-content\/uploads\/2023\/01\/logo.webp","width":1500,"height":1227,"caption":"JUMP EXTREME"},"image":{"@id":"https:\/\/jumpextreme.pl\/#\/schema\/logo\/image\/"},"sameAs":["https:\/\/www.facebook.com\/jumpextremepila\/"]}]}},"_links":{"self":[{"href":"https:\/\/jumpextreme.pl\/index.php\/wp-json\/wp\/v2\/pages\/1280"}],"collection":[{"href":"https:\/\/jumpextreme.pl\/index.php\/wp-json\/wp\/v2\/pages"}],"about":[{"href":"https:\/\/jumpextreme.pl\/index.php\/wp-json\/wp\/v2\/types\/page"}],"author":[{"embeddable":true,"href":"https:\/\/jumpextreme.pl\/index.php\/wp-json\/wp\/v2\/users\/1"}],"replies":[{"embeddable":true,"href":"https:\/\/jumpextreme.pl\/index.php\/wp-json\/wp\/v2\/comments?post=1280"}],"version-history":[{"count":10,"href":"https:\/\/jumpextreme.pl\/index.php\/wp-json\/wp\/v2\/pages\/1280\/revisions"}],"predecessor-version":[{"id":1621,"href":"https:\/\/jumpextreme.pl\/index.php\/wp-json\/wp\/v2\/pages\/1280\/revisions\/1621"}],"up":[{"embeddable":true,"href":"https:\/\/jumpextreme.pl\/index.php\/wp-json\/wp\/v2\/pages\/17"}],"wp:attachment":[{"href":"https:\/\/jumpextreme.pl\/index.php\/wp-json\/wp\/v2\/media?parent=1280"}],"curies":[{"name":"wp","href":"https:\/\/api.w.org\/{rel}","templated":true}]}}