{"id":1265,"date":"2023-03-06T09:34:58","date_gmt":"2023-03-06T09:34:58","guid":{"rendered":"https:\/\/jumpextreme.pl\/?page_id=1265"},"modified":"2023-03-09T12:30:31","modified_gmt":"2023-03-09T12:30:31","slug":"baseny-z-gabkami-oraz-pileczkami","status":"publish","type":"page","link":"https:\/\/jumpextreme.pl\/index.php\/atrakcje\/baseny-z-gabkami-oraz-pileczkami\/","title":{"rendered":"Baseny z g\u0105bkami oraz pi\u0142eczkami"},"content":{"rendered":"\t\t<div data-elementor-type=\"wp-page\" data-elementor-id=\"1265\" class=\"elementor elementor-1265\">\n\t\t\t\t\t\t\t\t\t<section data-particle_enable=\"false\" data-particle-mobile-disabled=\"false\" class=\"elementor-section elementor-top-section elementor-element elementor-element-6e90069 elementor-section-boxed elementor-section-height-default elementor-section-height-default\" data-id=\"6e90069\" data-element_type=\"section\" data-settings=\"{&quot;background_background&quot;:&quot;classic&quot;}\">\n\t\t\t\t\t\t\t<div class=\"elementor-background-overlay\"><\/div>\n\t\t\t\t\t\t\t<div class=\"elementor-container elementor-column-gap-default\">\n\t\t\t\t\t<div class=\"elementor-column elementor-col-100 elementor-top-column elementor-element elementor-element-fc242a8\" data-id=\"fc242a8\" data-element_type=\"column\">\n\t\t\t<div class=\"elementor-widget-wrap elementor-element-populated\">\n\t\t\t\t\t\t\t\t<div class=\"elementor-element elementor-element-4c6521b elementor-widget elementor-widget-heading\" data-id=\"4c6521b\" data-element_type=\"widget\" data-widget_type=\"heading.default\">\n\t\t\t\t<div class=\"elementor-widget-container\">\n\t\t\t<style>\/*! elementor - v3.11.3 - 07-03-2023 *\/\n.elementor-heading-title{padding:0;margin:0;line-height:1}.elementor-widget-heading .elementor-heading-title[class*=elementor-size-]>a{color:inherit;font-size:inherit;line-height:inherit}.elementor-widget-heading .elementor-heading-title.elementor-size-small{font-size:15px}.elementor-widget-heading .elementor-heading-title.elementor-size-medium{font-size:19px}.elementor-widget-heading .elementor-heading-title.elementor-size-large{font-size:29px}.elementor-widget-heading .elementor-heading-title.elementor-size-xl{font-size:39px}.elementor-widget-heading .elementor-heading-title.elementor-size-xxl{font-size:59px}<\/style><h2 class=\"elementor-heading-title elementor-size-default\">ATRAKCJE<\/h2>\t\t<\/div>\n\t\t\t\t<\/div>\n\t\t\t\t<div class=\"elementor-element elementor-element-ba21fe1 elementor-widget elementor-widget-heading\" data-id=\"ba21fe1\" data-element_type=\"widget\" data-widget_type=\"heading.default\">\n\t\t\t\t<div class=\"elementor-widget-container\">\n\t\t\t<h2 class=\"elementor-heading-title elementor-size-default\">BASENY Z G\u0104BKAMI ORAZ PI\u0141ECZKAMI<\/h2>\t\t<\/div>\n\t\t\t\t<\/div>\n\t\t\t\t<section data-particle_enable=\"false\" data-particle-mobile-disabled=\"false\" class=\"elementor-section elementor-inner-section elementor-element elementor-element-1aeedbd elementor-section-boxed elementor-section-height-default elementor-section-height-default\" data-id=\"1aeedbd\" data-element_type=\"section\">\n\t\t\t\t\t\t<div class=\"elementor-container elementor-column-gap-wider\">\n\t\t\t\t\t<div class=\"elementor-column elementor-col-50 elementor-inner-column elementor-element elementor-element-6fd8979\" data-id=\"6fd8979\" data-element_type=\"column\" data-settings=\"{&quot;background_background&quot;:&quot;classic&quot;}\">\n\t\t\t<div class=\"elementor-widget-wrap\">\n\t\t\t\t\t\t\t\t\t<\/div>\n\t\t<\/div>\n\t\t\t\t<div class=\"elementor-column elementor-col-50 elementor-inner-column elementor-element elementor-element-3eeb089\" data-id=\"3eeb089\" data-element_type=\"column\">\n\t\t\t<div class=\"elementor-widget-wrap elementor-element-populated\">\n\t\t\t\t\t\t\t\t<div class=\"elementor-element elementor-element-d86f6d1 elementor-widget elementor-widget-text-editor\" data-id=\"d86f6d1\" data-element_type=\"widget\" data-widget_type=\"text-editor.default\">\n\t\t\t\t<div class=\"elementor-widget-container\">\n\t\t\t<style>\/*! elementor - v3.11.3 - 07-03-2023 *\/\n.elementor-widget-text-editor.elementor-drop-cap-view-stacked .elementor-drop-cap{background-color:#818a91;color:#fff}.elementor-widget-text-editor.elementor-drop-cap-view-framed .elementor-drop-cap{color:#818a91;border:3px solid;background-color:transparent}.elementor-widget-text-editor:not(.elementor-drop-cap-view-default) .elementor-drop-cap{margin-top:8px}.elementor-widget-text-editor:not(.elementor-drop-cap-view-default) .elementor-drop-cap-letter{width:1em;height:1em}.elementor-widget-text-editor .elementor-drop-cap{float:left;text-align:center;line-height:1;font-size:50px}.elementor-widget-text-editor .elementor-drop-cap-letter{display:inline-block}<\/style>\t\t\t\t<p>Skakanie do basen\u00f3w wype\u0142nionych plastikowymi pi\u0142eczkami lub ma poduszki wype\u0142nionych mi\u0119kkimi kostkami z pianek,&nbsp; to nie tylko \u015bwietna zabawa, ale tak\u017ce doskona\u0142y spos\u00f3b na aktywny wypoczynek i sp\u0119dzenie czasu z przyjaci\u00f3\u0142mi lub rodzin\u0105.<\/p>\n<p>Mo\u017ce to by\u0107 tak\u017ce forma treningu, kt\u00f3ra poprawia koordynacj\u0119 ruchow\u0105 i kondycj\u0119 fizyczn\u0105.<\/p>\n<p>Niezapomniana zabawa, emocje i wra\u017cenia dla wszystkich, bez wzgl\u0119du na wiek!<\/p>\t\t\t\t\t\t<\/div>\n\t\t\t\t<\/div>\n\t\t\t\t\t<\/div>\n\t\t<\/div>\n\t\t\t\t\t\t\t<\/div>\n\t\t<\/section>\n\t\t\t\t\t<\/div>\n\t\t<\/div>\n\t\t\t\t\t\t\t<\/div>\n\t\t<\/section>\n\t\t\t\t\t\t\t<\/div>\n\t\t","protected":false},"excerpt":{"rendered":"<p>ATRAKCJE BASENY Z G\u0104BKAMI ORAZ PI\u0141ECZKAMI Skakanie do basen\u00f3w wype\u0142nionych plastikowymi pi\u0142eczkami lub ma poduszki wype\u0142nionych mi\u0119kkimi kostkami z pianek,&nbsp; to nie tylko \u015bwietna zabawa, ale tak\u017ce doskona\u0142y spos\u00f3b na aktywny wypoczynek i sp\u0119dzenie czasu z przyjaci\u00f3\u0142mi lub rodzin\u0105. Mo\u017ce to by\u0107 tak\u017ce forma treningu, kt\u00f3ra poprawia koordynacj\u0119 ruchow\u0105 i kondycj\u0119 fizyczn\u0105. Niezapomniana zabawa, emocje [&hellip;]<\/p>\n","protected":false},"author":1,"featured_media":0,"parent":17,"menu_order":0,"comment_status":"closed","ping_status":"closed","template":"elementor_header_footer","meta":{"_eb_attr":"","inline_featured_image":false},"yoast_head":"<!-- This site is optimized with the Yoast SEO plugin v20.2.1 - https:\/\/yoast.com\/wordpress\/plugins\/seo\/ -->\n<title>Baseny z g\u0105bkami oraz pi\u0142eczkami - JUMP EXTREME<\/title>\n<meta name=\"robots\" content=\"index, follow, max-snippet:-1, max-image-preview:large, max-video-preview:-1\" \/>\n<link rel=\"canonical\" href=\"https:\/\/jumpextreme.pl\/index.php\/atrakcje\/baseny-z-gabkami-oraz-pileczkami\/\" \/>\n<meta property=\"og:locale\" content=\"pl_PL\" \/>\n<meta property=\"og:type\" content=\"article\" \/>\n<meta property=\"og:title\" content=\"Baseny z g\u0105bkami oraz pi\u0142eczkami - JUMP EXTREME\" \/>\n<meta property=\"og:description\" content=\"ATRAKCJE BASENY Z G\u0104BKAMI ORAZ PI\u0141ECZKAMI Skakanie do basen\u00f3w wype\u0142nionych plastikowymi pi\u0142eczkami lub ma poduszki wype\u0142nionych mi\u0119kkimi kostkami z pianek,&nbsp; to nie tylko \u015bwietna zabawa, ale tak\u017ce doskona\u0142y spos\u00f3b na aktywny wypoczynek i sp\u0119dzenie czasu z przyjaci\u00f3\u0142mi lub rodzin\u0105. Mo\u017ce to by\u0107 tak\u017ce forma treningu, kt\u00f3ra poprawia koordynacj\u0119 ruchow\u0105 i kondycj\u0119 fizyczn\u0105. Niezapomniana zabawa, emocje [&hellip;]\" \/>\n<meta property=\"og:url\" content=\"https:\/\/jumpextreme.pl\/index.php\/atrakcje\/baseny-z-gabkami-oraz-pileczkami\/\" \/>\n<meta property=\"og:site_name\" content=\"JUMP EXTREME\" \/>\n<meta property=\"article:publisher\" content=\"https:\/\/www.facebook.com\/jumpextremepila\/\" \/>\n<meta property=\"article:modified_time\" content=\"2023-03-09T12:30:31+00:00\" \/>\n<meta name=\"twitter:card\" content=\"summary_large_image\" \/>\n<meta name=\"twitter:label1\" content=\"Szacowany czas czytania\" \/>\n\t<meta name=\"twitter:data1\" content=\"1 minuta\" \/>\n<script type=\"application\/ld+json\" class=\"yoast-schema-graph\">{\"@context\":\"https:\/\/schema.org\",\"@graph\":[{\"@type\":\"WebPage\",\"@id\":\"https:\/\/jumpextreme.pl\/index.php\/atrakcje\/baseny-z-gabkami-oraz-pileczkami\/\",\"url\":\"https:\/\/jumpextreme.pl\/index.php\/atrakcje\/baseny-z-gabkami-oraz-pileczkami\/\",\"name\":\"Baseny z g\u0105bkami oraz pi\u0142eczkami - JUMP EXTREME\",\"isPartOf\":{\"@id\":\"https:\/\/jumpextreme.pl\/#website\"},\"datePublished\":\"2023-03-06T09:34:58+00:00\",\"dateModified\":\"2023-03-09T12:30:31+00:00\",\"breadcrumb\":{\"@id\":\"https:\/\/jumpextreme.pl\/index.php\/atrakcje\/baseny-z-gabkami-oraz-pileczkami\/#breadcrumb\"},\"inLanguage\":\"pl-PL\",\"potentialAction\":[{\"@type\":\"ReadAction\",\"target\":[\"https:\/\/jumpextreme.pl\/index.php\/atrakcje\/baseny-z-gabkami-oraz-pileczkami\/\"]}]},{\"@type\":\"BreadcrumbList\",\"@id\":\"https:\/\/jumpextreme.pl\/index.php\/atrakcje\/baseny-z-gabkami-oraz-pileczkami\/#breadcrumb\",\"itemListElement\":[{\"@type\":\"ListItem\",\"position\":1,\"name\":\"Strona g\u0142\u00f3wna\",\"item\":\"https:\/\/jumpextreme.pl\/\"},{\"@type\":\"ListItem\",\"position\":2,\"name\":\"Atrakcje\",\"item\":\"https:\/\/jumpextreme.pl\/index.php\/atrakcje\/\"},{\"@type\":\"ListItem\",\"position\":3,\"name\":\"Baseny z g\u0105bkami oraz pi\u0142eczkami\"}]},{\"@type\":\"WebSite\",\"@id\":\"https:\/\/jumpextreme.pl\/#website\",\"url\":\"https:\/\/jumpextreme.pl\/\",\"name\":\"JUMP EXTREME\",\"description\":\"Pilski Park Trampolin\",\"publisher\":{\"@id\":\"https:\/\/jumpextreme.pl\/#organization\"},\"potentialAction\":[{\"@type\":\"SearchAction\",\"target\":{\"@type\":\"EntryPoint\",\"urlTemplate\":\"https:\/\/jumpextreme.pl\/?s={search_term_string}\"},\"query-input\":\"required name=search_term_string\"}],\"inLanguage\":\"pl-PL\"},{\"@type\":\"Organization\",\"@id\":\"https:\/\/jumpextreme.pl\/#organization\",\"name\":\"JUMP EXTREME\",\"url\":\"https:\/\/jumpextreme.pl\/\",\"logo\":{\"@type\":\"ImageObject\",\"inLanguage\":\"pl-PL\",\"@id\":\"https:\/\/jumpextreme.pl\/#\/schema\/logo\/image\/\",\"url\":\"https:\/\/jumpextreme.pl\/wp-content\/uploads\/2023\/01\/logo.webp\",\"contentUrl\":\"https:\/\/jumpextreme.pl\/wp-content\/uploads\/2023\/01\/logo.webp\",\"width\":1500,\"height\":1227,\"caption\":\"JUMP EXTREME\"},\"image\":{\"@id\":\"https:\/\/jumpextreme.pl\/#\/schema\/logo\/image\/\"},\"sameAs\":[\"https:\/\/www.facebook.com\/jumpextremepila\/\"]}]}<\/script>\n<!-- \/ Yoast SEO plugin. -->","yoast_head_json":{"title":"Baseny z g\u0105bkami oraz pi\u0142eczkami - JUMP EXTREME","robots":{"index":"index","follow":"follow","max-snippet":"max-snippet:-1","max-image-preview":"max-image-preview:large","max-video-preview":"max-video-preview:-1"},"canonical":"https:\/\/jumpextreme.pl\/index.php\/atrakcje\/baseny-z-gabkami-oraz-pileczkami\/","og_locale":"pl_PL","og_type":"article","og_title":"Baseny z g\u0105bkami oraz pi\u0142eczkami - JUMP EXTREME","og_description":"ATRAKCJE BASENY Z G\u0104BKAMI ORAZ PI\u0141ECZKAMI Skakanie do basen\u00f3w wype\u0142nionych plastikowymi pi\u0142eczkami lub ma poduszki wype\u0142nionych mi\u0119kkimi kostkami z pianek,&nbsp; to nie tylko \u015bwietna zabawa, ale tak\u017ce doskona\u0142y spos\u00f3b na aktywny wypoczynek i sp\u0119dzenie czasu z przyjaci\u00f3\u0142mi lub rodzin\u0105. Mo\u017ce to by\u0107 tak\u017ce forma treningu, kt\u00f3ra poprawia koordynacj\u0119 ruchow\u0105 i kondycj\u0119 fizyczn\u0105. Niezapomniana zabawa, emocje [&hellip;]","og_url":"https:\/\/jumpextreme.pl\/index.php\/atrakcje\/baseny-z-gabkami-oraz-pileczkami\/","og_site_name":"JUMP EXTREME","article_publisher":"https:\/\/www.facebook.com\/jumpextremepila\/","article_modified_time":"2023-03-09T12:30:31+00:00","twitter_card":"summary_large_image","twitter_misc":{"Szacowany czas czytania":"1 minuta"},"schema":{"@context":"https:\/\/schema.org","@graph":[{"@type":"WebPage","@id":"https:\/\/jumpextreme.pl\/index.php\/atrakcje\/baseny-z-gabkami-oraz-pileczkami\/","url":"https:\/\/jumpextreme.pl\/index.php\/atrakcje\/baseny-z-gabkami-oraz-pileczkami\/","name":"Baseny z g\u0105bkami oraz pi\u0142eczkami - JUMP EXTREME","isPartOf":{"@id":"https:\/\/jumpextreme.pl\/#website"},"datePublished":"2023-03-06T09:34:58+00:00","dateModified":"2023-03-09T12:30:31+00:00","breadcrumb":{"@id":"https:\/\/jumpextreme.pl\/index.php\/atrakcje\/baseny-z-gabkami-oraz-pileczkami\/#breadcrumb"},"inLanguage":"pl-PL","potentialAction":[{"@type":"ReadAction","target":["https:\/\/jumpextreme.pl\/index.php\/atrakcje\/baseny-z-gabkami-oraz-pileczkami\/"]}]},{"@type":"BreadcrumbList","@id":"https:\/\/jumpextreme.pl\/index.php\/atrakcje\/baseny-z-gabkami-oraz-pileczkami\/#breadcrumb","itemListElement":[{"@type":"ListItem","position":1,"name":"Strona g\u0142\u00f3wna","item":"https:\/\/jumpextreme.pl\/"},{"@type":"ListItem","position":2,"name":"Atrakcje","item":"https:\/\/jumpextreme.pl\/index.php\/atrakcje\/"},{"@type":"ListItem","position":3,"name":"Baseny z g\u0105bkami oraz pi\u0142eczkami"}]},{"@type":"WebSite","@id":"https:\/\/jumpextreme.pl\/#website","url":"https:\/\/jumpextreme.pl\/","name":"JUMP EXTREME","description":"Pilski Park Trampolin","publisher":{"@id":"https:\/\/jumpextreme.pl\/#organization"},"potentialAction":[{"@type":"SearchAction","target":{"@type":"EntryPoint","urlTemplate":"https:\/\/jumpextreme.pl\/?s={search_term_string}"},"query-input":"required name=search_term_string"}],"inLanguage":"pl-PL"},{"@type":"Organization","@id":"https:\/\/jumpextreme.pl\/#organization","name":"JUMP EXTREME","url":"https:\/\/jumpextreme.pl\/","logo":{"@type":"ImageObject","inLanguage":"pl-PL","@id":"https:\/\/jumpextreme.pl\/#\/schema\/logo\/image\/","url":"https:\/\/jumpextreme.pl\/wp-content\/uploads\/2023\/01\/logo.webp","contentUrl":"https:\/\/jumpextreme.pl\/wp-content\/uploads\/2023\/01\/logo.webp","width":1500,"height":1227,"caption":"JUMP EXTREME"},"image":{"@id":"https:\/\/jumpextreme.pl\/#\/schema\/logo\/image\/"},"sameAs":["https:\/\/www.facebook.com\/jumpextremepila\/"]}]}},"_links":{"self":[{"href":"https:\/\/jumpextreme.pl\/index.php\/wp-json\/wp\/v2\/pages\/1265"}],"collection":[{"href":"https:\/\/jumpextreme.pl\/index.php\/wp-json\/wp\/v2\/pages"}],"about":[{"href":"https:\/\/jumpextreme.pl\/index.php\/wp-json\/wp\/v2\/types\/page"}],"author":[{"embeddable":true,"href":"https:\/\/jumpextreme.pl\/index.php\/wp-json\/wp\/v2\/users\/1"}],"replies":[{"embeddable":true,"href":"https:\/\/jumpextreme.pl\/index.php\/wp-json\/wp\/v2\/comments?post=1265"}],"version-history":[{"count":7,"href":"https:\/\/jumpextreme.pl\/index.php\/wp-json\/wp\/v2\/pages\/1265\/revisions"}],"predecessor-version":[{"id":1614,"href":"https:\/\/jumpextreme.pl\/index.php\/wp-json\/wp\/v2\/pages\/1265\/revisions\/1614"}],"up":[{"embeddable":true,"href":"https:\/\/jumpextreme.pl\/index.php\/wp-json\/wp\/v2\/pages\/17"}],"wp:attachment":[{"href":"https:\/\/jumpextreme.pl\/index.php\/wp-json\/wp\/v2\/media?parent=1265"}],"curies":[{"name":"wp","href":"https:\/\/api.w.org\/{rel}","templated":true}]}}