{"id":1243,"date":"2023-03-03T14:06:57","date_gmt":"2023-03-03T14:06:57","guid":{"rendered":"https:\/\/jumpextreme.pl\/?page_id=1243"},"modified":"2025-11-05T14:03:10","modified_gmt":"2025-11-05T14:03:10","slug":"strefa-dmuchancow","status":"publish","type":"page","link":"https:\/\/jumpextreme.pl\/index.php\/strefa-dmuchancow\/","title":{"rendered":"Strefa dmucha\u0144c\u00f3w"},"content":{"rendered":"\t\t<div data-elementor-type=\"wp-page\" data-elementor-id=\"1243\" class=\"elementor elementor-1243\">\n\t\t\t\t\t\t\t\t\t<section data-particle_enable=\"false\" data-particle-mobile-disabled=\"false\" class=\"elementor-section elementor-top-section elementor-element elementor-element-7dd4306 elementor-section-boxed elementor-section-height-default elementor-section-height-default\" data-id=\"7dd4306\" data-element_type=\"section\" data-settings=\"{&quot;background_background&quot;:&quot;classic&quot;}\">\n\t\t\t\t\t\t\t<div class=\"elementor-background-overlay\"><\/div>\n\t\t\t\t\t\t\t<div class=\"elementor-container elementor-column-gap-default\">\n\t\t\t\t\t<div class=\"elementor-column elementor-col-100 elementor-top-column elementor-element elementor-element-8dca978\" data-id=\"8dca978\" data-element_type=\"column\">\n\t\t\t<div class=\"elementor-widget-wrap elementor-element-populated\">\n\t\t\t\t\t\t\t\t<div class=\"elementor-element elementor-element-1ba6b1d elementor-widget elementor-widget-heading\" data-id=\"1ba6b1d\" data-element_type=\"widget\" data-widget_type=\"heading.default\">\n\t\t\t\t<div class=\"elementor-widget-container\">\n\t\t\t<style>\/*! elementor - v3.11.3 - 07-03-2023 *\/\n.elementor-heading-title{padding:0;margin:0;line-height:1}.elementor-widget-heading .elementor-heading-title[class*=elementor-size-]>a{color:inherit;font-size:inherit;line-height:inherit}.elementor-widget-heading .elementor-heading-title.elementor-size-small{font-size:15px}.elementor-widget-heading .elementor-heading-title.elementor-size-medium{font-size:19px}.elementor-widget-heading .elementor-heading-title.elementor-size-large{font-size:29px}.elementor-widget-heading .elementor-heading-title.elementor-size-xl{font-size:39px}.elementor-widget-heading .elementor-heading-title.elementor-size-xxl{font-size:59px}<\/style><h2 class=\"elementor-heading-title elementor-size-default\">ATRAKCJE<\/h2>\t\t<\/div>\n\t\t\t\t<\/div>\n\t\t\t\t<div class=\"elementor-element elementor-element-2b697f7 elementor-widget elementor-widget-heading\" data-id=\"2b697f7\" data-element_type=\"widget\" data-widget_type=\"heading.default\">\n\t\t\t\t<div class=\"elementor-widget-container\">\n\t\t\t<h2 class=\"elementor-heading-title elementor-size-default\">STREFA DMUCHA\u0143C\u00d3W<\/h2>\t\t<\/div>\n\t\t\t\t<\/div>\n\t\t\t\t<section data-particle_enable=\"false\" data-particle-mobile-disabled=\"false\" class=\"elementor-section elementor-inner-section elementor-element elementor-element-5a3983b elementor-section-boxed elementor-section-height-default elementor-section-height-default\" data-id=\"5a3983b\" data-element_type=\"section\">\n\t\t\t\t\t\t<div class=\"elementor-container elementor-column-gap-wider\">\n\t\t\t\t\t<div class=\"elementor-column elementor-col-50 elementor-inner-column elementor-element elementor-element-ec56fc3\" data-id=\"ec56fc3\" data-element_type=\"column\" data-settings=\"{&quot;background_background&quot;:&quot;classic&quot;}\">\n\t\t\t<div class=\"elementor-widget-wrap\">\n\t\t\t\t\t\t\t\t\t<\/div>\n\t\t<\/div>\n\t\t\t\t<div class=\"elementor-column elementor-col-50 elementor-inner-column elementor-element elementor-element-9ce46fe\" data-id=\"9ce46fe\" data-element_type=\"column\">\n\t\t\t<div class=\"elementor-widget-wrap elementor-element-populated\">\n\t\t\t\t\t\t\t\t<div class=\"elementor-element elementor-element-15ca760 elementor-widget elementor-widget-text-editor\" data-id=\"15ca760\" data-element_type=\"widget\" data-widget_type=\"text-editor.default\">\n\t\t\t\t<div class=\"elementor-widget-container\">\n\t\t\t<style>\/*! elementor - v3.11.3 - 07-03-2023 *\/\n.elementor-widget-text-editor.elementor-drop-cap-view-stacked .elementor-drop-cap{background-color:#818a91;color:#fff}.elementor-widget-text-editor.elementor-drop-cap-view-framed .elementor-drop-cap{color:#818a91;border:3px solid;background-color:transparent}.elementor-widget-text-editor:not(.elementor-drop-cap-view-default) .elementor-drop-cap{margin-top:8px}.elementor-widget-text-editor:not(.elementor-drop-cap-view-default) .elementor-drop-cap-letter{width:1em;height:1em}.elementor-widget-text-editor .elementor-drop-cap{float:left;text-align:center;line-height:1;font-size:50px}.elementor-widget-text-editor .elementor-drop-cap-letter{display:inline-block}<\/style>\t\t\t\t<p><strong>Strefa Dmucha\u0144c\u00f3w Jump Extreme<\/strong> to a\u017c 250 m\u00b2 kolorowego, pe\u0142nego rado\u015bci i \u015bmiechu miejsca, w kt\u00f3rym dzieci mog\u0105 bezpiecznie skaka\u0107, zje\u017cd\u017ca\u0107 i bawi\u0107 si\u0119 na ogromnych dmuchanych atrakcjach. To idealna przestrze\u0144 na aktywn\u0105 zabaw\u0119, rozwijanie koordynacji ruchowej i sp\u0119dzanie czasu w radosnej atmosferze.<br \/><br \/><strong>Jump Extreme <\/strong>gwarantuje niezapomniane emocje dla ka\u017cdego &#8211; od najm\u0142odszych po starsze dzieci. Atrakcja przeznaczona jest dla dzieci w wieku od 3 lat o wzro\u015bcie maksymalnym 150 cm.<\/p>\t\t\t\t\t\t<\/div>\n\t\t\t\t<\/div>\n\t\t\t\t\t<\/div>\n\t\t<\/div>\n\t\t\t\t\t\t\t<\/div>\n\t\t<\/section>\n\t\t\t\t<section data-particle_enable=\"false\" data-particle-mobile-disabled=\"false\" class=\"elementor-section elementor-inner-section elementor-element elementor-element-c1d08db elementor-section-boxed elementor-section-height-default elementor-section-height-default\" data-id=\"c1d08db\" data-element_type=\"section\">\n\t\t\t\t\t\t<div class=\"elementor-container elementor-column-gap-default\">\n\t\t\t\t\t<div class=\"elementor-column elementor-col-100 elementor-inner-column elementor-element elementor-element-939a37f\" data-id=\"939a37f\" data-element_type=\"column\">\n\t\t\t<div class=\"elementor-widget-wrap elementor-element-populated\">\n\t\t\t\t\t\t\t\t<div class=\"elementor-element elementor-element-df4afd8 elementor-widget elementor-widget-gallery\" data-id=\"df4afd8\" data-element_type=\"widget\" data-settings=\"{&quot;lazyload&quot;:&quot;yes&quot;,&quot;gallery_layout&quot;:&quot;grid&quot;,&quot;columns&quot;:4,&quot;columns_tablet&quot;:2,&quot;columns_mobile&quot;:1,&quot;gap&quot;:{&quot;unit&quot;:&quot;px&quot;,&quot;size&quot;:10,&quot;sizes&quot;:[]},&quot;gap_tablet&quot;:{&quot;unit&quot;:&quot;px&quot;,&quot;size&quot;:10,&quot;sizes&quot;:[]},&quot;gap_mobile&quot;:{&quot;unit&quot;:&quot;px&quot;,&quot;size&quot;:10,&quot;sizes&quot;:[]},&quot;link_to&quot;:&quot;file&quot;,&quot;aspect_ratio&quot;:&quot;3:2&quot;,&quot;overlay_background&quot;:&quot;yes&quot;,&quot;content_hover_animation&quot;:&quot;fade-in&quot;}\" data-widget_type=\"gallery.default\">\n\t\t\t\t<div class=\"elementor-widget-container\">\n\t\t\t<style>\/*! elementor-pro - v3.11.4 - 07-03-2023 *\/\n.elementor-gallery__container{min-height:1px}.elementor-gallery-item{position:relative;overflow:hidden;display:block;text-decoration:none;border:solid var(--image-border-width) var(--image-border-color);border-radius:var(--image-border-radius)}.elementor-gallery-item__content,.elementor-gallery-item__overlay{height:100%;width:100%;position:absolute;top:0;left:0}.elementor-gallery-item__overlay{mix-blend-mode:var(--overlay-mix-blend-mode);transition-duration:var(--overlay-transition-duration);transition-property:mix-blend-mode,transform,opacity,background-color}.elementor-gallery-item__image.e-gallery-image{transition-duration:var(--image-transition-duration);transition-property:filter,transform}.elementor-gallery-item__content{display:flex;flex-direction:column;justify-content:var(--content-justify-content,center);align-items:center;text-align:var(--content-text-align);padding:var(--content-padding)}.elementor-gallery-item__content>div{transition-duration:var(--content-transition-duration)}.elementor-gallery-item__content.elementor-gallery--sequenced-animation>div:nth-child(2){transition-delay:calc(var(--content-transition-delay) \/ 3)}.elementor-gallery-item__content.elementor-gallery--sequenced-animation>div:nth-child(3){transition-delay:calc(var(--content-transition-delay) \/ 3 * 2)}.elementor-gallery-item__content.elementor-gallery--sequenced-animation>div:nth-child(4){transition-delay:calc(var(--content-transition-delay) \/ 3 * 3)}.elementor-gallery-item__description{color:var(--description-text-color,#fff);width:100%}.elementor-gallery-item__title{color:var(--title-text-color,#fff);font-weight:700;width:100%}.elementor-gallery__titles-container{display:flex;flex-wrap:wrap;justify-content:var(--titles-container-justify-content,center);margin-bottom:20px}.elementor-gallery__titles-container:not(.e--pointer-framed) .elementor-item:after,.elementor-gallery__titles-container:not(.e--pointer-framed) .elementor-item:before{background-color:var(--galleries-pointer-bg-color-hover)}.elementor-gallery__titles-container:not(.e--pointer-framed) .elementor-item.elementor-item-active:after,.elementor-gallery__titles-container:not(.e--pointer-framed) .elementor-item.elementor-item-active:before{background-color:var(--galleries-pointer-bg-color-active)}.elementor-gallery__titles-container.e--pointer-framed .elementor-item:before{border-color:var(--galleries-pointer-bg-color-hover);border-width:var(--galleries-pointer-border-width)}.elementor-gallery__titles-container.e--pointer-framed .elementor-item:after{border-color:var(--galleries-pointer-bg-color-hover)}.elementor-gallery__titles-container.e--pointer-framed .elementor-item.elementor-item-active:after,.elementor-gallery__titles-container.e--pointer-framed .elementor-item.elementor-item-active:before{border-color:var(--galleries-pointer-bg-color-active)}.elementor-gallery__titles-container.e--pointer-framed.e--animation-draw .elementor-item:before{border-left-width:var(--galleries-pointer-border-width);border-bottom-width:var(--galleries-pointer-border-width);border-right-width:0;border-top-width:0}.elementor-gallery__titles-container.e--pointer-framed.e--animation-draw .elementor-item:after{border-left-width:0;border-bottom-width:0;border-right-width:var(--galleries-pointer-border-width);border-top-width:var(--galleries-pointer-border-width)}.elementor-gallery__titles-container.e--pointer-framed.e--animation-corners .elementor-item:before{border-left-width:var(--galleries-pointer-border-width);border-bottom-width:0;border-right-width:0;border-top-width:var(--galleries-pointer-border-width)}.elementor-gallery__titles-container.e--pointer-framed.e--animation-corners .elementor-item:after{border-left-width:0;border-bottom-width:var(--galleries-pointer-border-width);border-right-width:var(--galleries-pointer-border-width);border-top-width:0}.elementor-gallery__titles-container .e--pointer-double-line .elementor-item:after,.elementor-gallery__titles-container .e--pointer-double-line .elementor-item:before,.elementor-gallery__titles-container .e--pointer-overline .elementor-item:before,.elementor-gallery__titles-container .e--pointer-underline .elementor-item:after{height:var(--galleries-pointer-border-width)}.elementor-gallery-title{--space-between:10px;cursor:pointer;color:#6d7882;font-weight:500;position:relative;padding:7px 14px;transition:all .3s}.elementor-gallery-title--active{color:#495157}.elementor-gallery-title:not(:last-child){margin-right:var(--space-between)}.elementor-gallery-item__title+.elementor-gallery-item__description{margin-top:var(--description-margin-top)}.e-gallery-item.elementor-gallery-item{transition-property:all}.e-gallery-item.elementor-animated-content .elementor-animated-item--enter-from-bottom,.e-gallery-item.elementor-animated-content .elementor-animated-item--enter-from-left,.e-gallery-item.elementor-animated-content .elementor-animated-item--enter-from-right,.e-gallery-item.elementor-animated-content .elementor-animated-item--enter-from-top,.e-gallery-item:hover .elementor-gallery__item-overlay-bg,.e-gallery-item:hover .elementor-gallery__item-overlay-content,.e-gallery-item:hover .elementor-gallery__item-overlay-content__description,.e-gallery-item:hover .elementor-gallery__item-overlay-content__title{opacity:1}a.elementor-item.elementor-gallery-title{color:var(--galleries-title-color-normal)}a.elementor-item.elementor-gallery-title.elementor-item-active,a.elementor-item.elementor-gallery-title.highlighted,a.elementor-item.elementor-gallery-title:focus,a.elementor-item.elementor-gallery-title:hover{color:var(--galleries-title-color-hover)}a.elementor-item.elementor-gallery-title.elementor-item-active{color:var(--gallery-title-color-active)}.e-con-inner>.elementor-widget-gallery,.e-con>.elementor-widget-gallery{width:var(--container-widget-width);--flex-grow:var(--container-widget-flex-grow)}<\/style>\t\t<div class=\"elementor-gallery__container\">\n\t\t\t\t\t\t\t<a class=\"e-gallery-item elementor-gallery-item elementor-animated-content\" href=\"https:\/\/jumpextreme.pl\/wp-content\/uploads\/2025\/10\/image21.jpeg\" data-elementor-open-lightbox=\"yes\" data-elementor-lightbox-slideshow=\"all-df4afd8\" data-e-action-hash=\"#elementor-action%3Aaction%3Dlightbox%26settings%3DeyJpZCI6MTgwMiwidXJsIjoiaHR0cHM6XC9cL2p1bXBleHRyZW1lLnBsXC93cC1jb250ZW50XC91cGxvYWRzXC8yMDI1XC8xMFwvaW1hZ2UyMS5qcGVnIiwic2xpZGVzaG93IjoiYWxsLWRmNGFmZDgifQ%3D%3D\">\n\t\t\t\t\t<div class=\"e-gallery-image elementor-gallery-item__image\" data-thumbnail=\"https:\/\/jumpextreme.pl\/wp-content\/uploads\/2025\/10\/image21.jpeg\" data-width=\"1600\" data-height=\"900\" alt=\"\" ><\/div>\n\t\t\t\t\t\t\t\t\t\t\t<div class=\"elementor-gallery-item__overlay\"><\/div>\n\t\t\t\t\t\t\t\t\t\t\t\t\t\t<\/a>\n\t\t\t\t\t\t\t<a class=\"e-gallery-item elementor-gallery-item elementor-animated-content\" href=\"https:\/\/jumpextreme.pl\/wp-content\/uploads\/2025\/11\/jump_2-scaled.jpg\" data-elementor-open-lightbox=\"yes\" data-elementor-lightbox-slideshow=\"all-df4afd8\" data-e-action-hash=\"#elementor-action%3Aaction%3Dlightbox%26settings%3DeyJpZCI6MTgyNCwidXJsIjoiaHR0cHM6XC9cL2p1bXBleHRyZW1lLnBsXC93cC1jb250ZW50XC91cGxvYWRzXC8yMDI1XC8xMVwvanVtcF8yLXNjYWxlZC5qcGciLCJzbGlkZXNob3ciOiJhbGwtZGY0YWZkOCJ9\">\n\t\t\t\t\t<div class=\"e-gallery-image elementor-gallery-item__image\" data-thumbnail=\"https:\/\/jumpextreme.pl\/wp-content\/uploads\/2025\/11\/jump_2-scaled.jpg\" data-width=\"2147\" data-height=\"2560\" alt=\"\" ><\/div>\n\t\t\t\t\t\t\t\t\t\t\t<div class=\"elementor-gallery-item__overlay\"><\/div>\n\t\t\t\t\t\t\t\t\t\t\t\t\t\t<\/a>\n\t\t\t\t\t\t\t<a class=\"e-gallery-item elementor-gallery-item elementor-animated-content\" href=\"https:\/\/jumpextreme.pl\/wp-content\/uploads\/2025\/11\/jump_5-scaled.jpg\" data-elementor-open-lightbox=\"yes\" data-elementor-lightbox-slideshow=\"all-df4afd8\" data-e-action-hash=\"#elementor-action%3Aaction%3Dlightbox%26settings%3DeyJpZCI6MTgyMywidXJsIjoiaHR0cHM6XC9cL2p1bXBleHRyZW1lLnBsXC93cC1jb250ZW50XC91cGxvYWRzXC8yMDI1XC8xMVwvanVtcF81LXNjYWxlZC5qcGciLCJzbGlkZXNob3ciOiJhbGwtZGY0YWZkOCJ9\">\n\t\t\t\t\t<div class=\"e-gallery-image elementor-gallery-item__image\" data-thumbnail=\"https:\/\/jumpextreme.pl\/wp-content\/uploads\/2025\/11\/jump_5-scaled.jpg\" data-width=\"2560\" data-height=\"2260\" alt=\"\" ><\/div>\n\t\t\t\t\t\t\t\t\t\t\t<div class=\"elementor-gallery-item__overlay\"><\/div>\n\t\t\t\t\t\t\t\t\t\t\t\t\t\t<\/a>\n\t\t\t\t\t\t\t<a class=\"e-gallery-item elementor-gallery-item elementor-animated-content\" href=\"https:\/\/jumpextreme.pl\/wp-content\/uploads\/2025\/11\/jump_6-scaled.jpg\" data-elementor-open-lightbox=\"yes\" data-elementor-lightbox-slideshow=\"all-df4afd8\" data-e-action-hash=\"#elementor-action%3Aaction%3Dlightbox%26settings%3DeyJpZCI6MTgyNSwidXJsIjoiaHR0cHM6XC9cL2p1bXBleHRyZW1lLnBsXC93cC1jb250ZW50XC91cGxvYWRzXC8yMDI1XC8xMVwvanVtcF82LXNjYWxlZC5qcGciLCJzbGlkZXNob3ciOiJhbGwtZGY0YWZkOCJ9\">\n\t\t\t\t\t<div class=\"e-gallery-image elementor-gallery-item__image\" data-thumbnail=\"https:\/\/jumpextreme.pl\/wp-content\/uploads\/2025\/11\/jump_6-scaled.jpg\" data-width=\"2560\" data-height=\"1465\" alt=\"\" ><\/div>\n\t\t\t\t\t\t\t\t\t\t\t<div class=\"elementor-gallery-item__overlay\"><\/div>\n\t\t\t\t\t\t\t\t\t\t\t\t\t\t<\/a>\n\t\t\t\t\t<\/div>\n\t\t\t<\/div>\n\t\t\t\t<\/div>\n\t\t\t\t\t<\/div>\n\t\t<\/div>\n\t\t\t\t\t\t\t<\/div>\n\t\t<\/section>\n\t\t\t\t\t<\/div>\n\t\t<\/div>\n\t\t\t\t\t\t\t<\/div>\n\t\t<\/section>\n\t\t\t\t\t\t\t<\/div>\n\t\t","protected":false},"excerpt":{"rendered":"<p>ATRAKCJE STREFA DMUCHA\u0143C\u00d3W Strefa Dmucha\u0144c\u00f3w Jump Extreme to a\u017c 250 m\u00b2 kolorowego, pe\u0142nego rado\u015bci i \u015bmiechu miejsca, w kt\u00f3rym dzieci mog\u0105 bezpiecznie skaka\u0107, zje\u017cd\u017ca\u0107 i bawi\u0107 si\u0119 na ogromnych dmuchanych atrakcjach. To idealna przestrze\u0144 na aktywn\u0105 zabaw\u0119, rozwijanie koordynacji ruchowej i sp\u0119dzanie czasu w radosnej atmosferze. Jump Extreme gwarantuje niezapomniane emocje dla ka\u017cdego &#8211; od [&hellip;]<\/p>\n","protected":false},"author":1,"featured_media":0,"parent":0,"menu_order":0,"comment_status":"closed","ping_status":"closed","template":"elementor_header_footer","meta":{"_eb_attr":"","inline_featured_image":false},"yoast_head":"<!-- This site is optimized with the Yoast SEO plugin v20.2.1 - https:\/\/yoast.com\/wordpress\/plugins\/seo\/ -->\n<title>Strefa dmucha\u0144c\u00f3w - JUMP EXTREME<\/title>\n<meta name=\"robots\" content=\"index, follow, max-snippet:-1, max-image-preview:large, max-video-preview:-1\" \/>\n<link rel=\"canonical\" href=\"https:\/\/jumpextreme.pl\/index.php\/strefa-dmuchancow\/\" \/>\n<meta property=\"og:locale\" content=\"pl_PL\" \/>\n<meta property=\"og:type\" content=\"article\" \/>\n<meta property=\"og:title\" content=\"Strefa dmucha\u0144c\u00f3w - JUMP EXTREME\" \/>\n<meta property=\"og:description\" content=\"ATRAKCJE STREFA DMUCHA\u0143C\u00d3W Strefa Dmucha\u0144c\u00f3w Jump Extreme to a\u017c 250 m\u00b2 kolorowego, pe\u0142nego rado\u015bci i \u015bmiechu miejsca, w kt\u00f3rym dzieci mog\u0105 bezpiecznie skaka\u0107, zje\u017cd\u017ca\u0107 i bawi\u0107 si\u0119 na ogromnych dmuchanych atrakcjach. To idealna przestrze\u0144 na aktywn\u0105 zabaw\u0119, rozwijanie koordynacji ruchowej i sp\u0119dzanie czasu w radosnej atmosferze. Jump Extreme gwarantuje niezapomniane emocje dla ka\u017cdego &#8211; od [&hellip;]\" \/>\n<meta property=\"og:url\" content=\"https:\/\/jumpextreme.pl\/index.php\/strefa-dmuchancow\/\" \/>\n<meta property=\"og:site_name\" content=\"JUMP EXTREME\" \/>\n<meta property=\"article:publisher\" content=\"https:\/\/www.facebook.com\/jumpextremepila\/\" \/>\n<meta property=\"article:modified_time\" content=\"2025-11-05T14:03:10+00:00\" \/>\n<meta name=\"twitter:card\" content=\"summary_large_image\" \/>\n<meta name=\"twitter:label1\" content=\"Szacowany czas czytania\" \/>\n\t<meta name=\"twitter:data1\" content=\"1 minuta\" \/>\n<script type=\"application\/ld+json\" class=\"yoast-schema-graph\">{\"@context\":\"https:\/\/schema.org\",\"@graph\":[{\"@type\":\"WebPage\",\"@id\":\"https:\/\/jumpextreme.pl\/index.php\/strefa-dmuchancow\/\",\"url\":\"https:\/\/jumpextreme.pl\/index.php\/strefa-dmuchancow\/\",\"name\":\"Strefa dmucha\u0144c\u00f3w - JUMP EXTREME\",\"isPartOf\":{\"@id\":\"https:\/\/jumpextreme.pl\/#website\"},\"datePublished\":\"2023-03-03T14:06:57+00:00\",\"dateModified\":\"2025-11-05T14:03:10+00:00\",\"breadcrumb\":{\"@id\":\"https:\/\/jumpextreme.pl\/index.php\/strefa-dmuchancow\/#breadcrumb\"},\"inLanguage\":\"pl-PL\",\"potentialAction\":[{\"@type\":\"ReadAction\",\"target\":[\"https:\/\/jumpextreme.pl\/index.php\/strefa-dmuchancow\/\"]}]},{\"@type\":\"BreadcrumbList\",\"@id\":\"https:\/\/jumpextreme.pl\/index.php\/strefa-dmuchancow\/#breadcrumb\",\"itemListElement\":[{\"@type\":\"ListItem\",\"position\":1,\"name\":\"Strona g\u0142\u00f3wna\",\"item\":\"https:\/\/jumpextreme.pl\/\"},{\"@type\":\"ListItem\",\"position\":2,\"name\":\"Strefa dmucha\u0144c\u00f3w\"}]},{\"@type\":\"WebSite\",\"@id\":\"https:\/\/jumpextreme.pl\/#website\",\"url\":\"https:\/\/jumpextreme.pl\/\",\"name\":\"JUMP EXTREME\",\"description\":\"Pilski Park Trampolin\",\"publisher\":{\"@id\":\"https:\/\/jumpextreme.pl\/#organization\"},\"potentialAction\":[{\"@type\":\"SearchAction\",\"target\":{\"@type\":\"EntryPoint\",\"urlTemplate\":\"https:\/\/jumpextreme.pl\/?s={search_term_string}\"},\"query-input\":\"required name=search_term_string\"}],\"inLanguage\":\"pl-PL\"},{\"@type\":\"Organization\",\"@id\":\"https:\/\/jumpextreme.pl\/#organization\",\"name\":\"JUMP EXTREME\",\"url\":\"https:\/\/jumpextreme.pl\/\",\"logo\":{\"@type\":\"ImageObject\",\"inLanguage\":\"pl-PL\",\"@id\":\"https:\/\/jumpextreme.pl\/#\/schema\/logo\/image\/\",\"url\":\"https:\/\/jumpextreme.pl\/wp-content\/uploads\/2023\/01\/logo.webp\",\"contentUrl\":\"https:\/\/jumpextreme.pl\/wp-content\/uploads\/2023\/01\/logo.webp\",\"width\":1500,\"height\":1227,\"caption\":\"JUMP EXTREME\"},\"image\":{\"@id\":\"https:\/\/jumpextreme.pl\/#\/schema\/logo\/image\/\"},\"sameAs\":[\"https:\/\/www.facebook.com\/jumpextremepila\/\"]}]}<\/script>\n<!-- \/ Yoast SEO plugin. -->","yoast_head_json":{"title":"Strefa dmucha\u0144c\u00f3w - JUMP EXTREME","robots":{"index":"index","follow":"follow","max-snippet":"max-snippet:-1","max-image-preview":"max-image-preview:large","max-video-preview":"max-video-preview:-1"},"canonical":"https:\/\/jumpextreme.pl\/index.php\/strefa-dmuchancow\/","og_locale":"pl_PL","og_type":"article","og_title":"Strefa dmucha\u0144c\u00f3w - JUMP EXTREME","og_description":"ATRAKCJE STREFA DMUCHA\u0143C\u00d3W Strefa Dmucha\u0144c\u00f3w Jump Extreme to a\u017c 250 m\u00b2 kolorowego, pe\u0142nego rado\u015bci i \u015bmiechu miejsca, w kt\u00f3rym dzieci mog\u0105 bezpiecznie skaka\u0107, zje\u017cd\u017ca\u0107 i bawi\u0107 si\u0119 na ogromnych dmuchanych atrakcjach. To idealna przestrze\u0144 na aktywn\u0105 zabaw\u0119, rozwijanie koordynacji ruchowej i sp\u0119dzanie czasu w radosnej atmosferze. Jump Extreme gwarantuje niezapomniane emocje dla ka\u017cdego &#8211; od [&hellip;]","og_url":"https:\/\/jumpextreme.pl\/index.php\/strefa-dmuchancow\/","og_site_name":"JUMP EXTREME","article_publisher":"https:\/\/www.facebook.com\/jumpextremepila\/","article_modified_time":"2025-11-05T14:03:10+00:00","twitter_card":"summary_large_image","twitter_misc":{"Szacowany czas czytania":"1 minuta"},"schema":{"@context":"https:\/\/schema.org","@graph":[{"@type":"WebPage","@id":"https:\/\/jumpextreme.pl\/index.php\/strefa-dmuchancow\/","url":"https:\/\/jumpextreme.pl\/index.php\/strefa-dmuchancow\/","name":"Strefa dmucha\u0144c\u00f3w - JUMP EXTREME","isPartOf":{"@id":"https:\/\/jumpextreme.pl\/#website"},"datePublished":"2023-03-03T14:06:57+00:00","dateModified":"2025-11-05T14:03:10+00:00","breadcrumb":{"@id":"https:\/\/jumpextreme.pl\/index.php\/strefa-dmuchancow\/#breadcrumb"},"inLanguage":"pl-PL","potentialAction":[{"@type":"ReadAction","target":["https:\/\/jumpextreme.pl\/index.php\/strefa-dmuchancow\/"]}]},{"@type":"BreadcrumbList","@id":"https:\/\/jumpextreme.pl\/index.php\/strefa-dmuchancow\/#breadcrumb","itemListElement":[{"@type":"ListItem","position":1,"name":"Strona g\u0142\u00f3wna","item":"https:\/\/jumpextreme.pl\/"},{"@type":"ListItem","position":2,"name":"Strefa dmucha\u0144c\u00f3w"}]},{"@type":"WebSite","@id":"https:\/\/jumpextreme.pl\/#website","url":"https:\/\/jumpextreme.pl\/","name":"JUMP EXTREME","description":"Pilski Park Trampolin","publisher":{"@id":"https:\/\/jumpextreme.pl\/#organization"},"potentialAction":[{"@type":"SearchAction","target":{"@type":"EntryPoint","urlTemplate":"https:\/\/jumpextreme.pl\/?s={search_term_string}"},"query-input":"required name=search_term_string"}],"inLanguage":"pl-PL"},{"@type":"Organization","@id":"https:\/\/jumpextreme.pl\/#organization","name":"JUMP EXTREME","url":"https:\/\/jumpextreme.pl\/","logo":{"@type":"ImageObject","inLanguage":"pl-PL","@id":"https:\/\/jumpextreme.pl\/#\/schema\/logo\/image\/","url":"https:\/\/jumpextreme.pl\/wp-content\/uploads\/2023\/01\/logo.webp","contentUrl":"https:\/\/jumpextreme.pl\/wp-content\/uploads\/2023\/01\/logo.webp","width":1500,"height":1227,"caption":"JUMP EXTREME"},"image":{"@id":"https:\/\/jumpextreme.pl\/#\/schema\/logo\/image\/"},"sameAs":["https:\/\/www.facebook.com\/jumpextremepila\/"]}]}},"_links":{"self":[{"href":"https:\/\/jumpextreme.pl\/index.php\/wp-json\/wp\/v2\/pages\/1243"}],"collection":[{"href":"https:\/\/jumpextreme.pl\/index.php\/wp-json\/wp\/v2\/pages"}],"about":[{"href":"https:\/\/jumpextreme.pl\/index.php\/wp-json\/wp\/v2\/types\/page"}],"author":[{"embeddable":true,"href":"https:\/\/jumpextreme.pl\/index.php\/wp-json\/wp\/v2\/users\/1"}],"replies":[{"embeddable":true,"href":"https:\/\/jumpextreme.pl\/index.php\/wp-json\/wp\/v2\/comments?post=1243"}],"version-history":[{"count":23,"href":"https:\/\/jumpextreme.pl\/index.php\/wp-json\/wp\/v2\/pages\/1243\/revisions"}],"predecessor-version":[{"id":1828,"href":"https:\/\/jumpextreme.pl\/index.php\/wp-json\/wp\/v2\/pages\/1243\/revisions\/1828"}],"wp:attachment":[{"href":"https:\/\/jumpextreme.pl\/index.php\/wp-json\/wp\/v2\/media?parent=1243"}],"curies":[{"name":"wp","href":"https:\/\/api.w.org\/{rel}","templated":true}]}}